{"id":437,"date":"2023-04-21T13:33:20","date_gmt":"2023-04-21T13:33:20","guid":{"rendered":"http:\/\/biowoch.mwd-dev.lu\/?page_id=437"},"modified":"2025-06-30T12:27:59","modified_gmt":"2025-06-30T12:27:59","slug":"bio-woch","status":"publish","type":"page","link":"https:\/\/biowoch.mwd-dev.lu\/fr\/","title":{"rendered":"Bio-Woch"},"content":{"rendered":"<ul>\n<li>\n<p> <img decoding=\"async\" src=\"\/_res\/uploads\/2025\/06\/hero-biowoch-2025-1.jpg\" alt=\"\"><\/p>\n<\/li>\n<li>\n<p> <img decoding=\"async\" src=\"\/_res\/uploads\/2025\/06\/biowoch-a-miergen.jpg\" alt=\"\"><\/p>\n<h3>biowoch-a-miergen<\/h3>\n<\/li>\n<li>\n<p> <img decoding=\"async\" src=\"\/_res\/uploads\/2025\/06\/biowoch-biohaff-baltes.jpg\" alt=\"\"><\/p>\n<h3>biowoch-biohaff-baltes<\/h3>\n<\/li>\n<li>\n<p> <img decoding=\"async\" src=\"\/_res\/uploads\/2025\/06\/biowoch-dudelmagie.jpg\" alt=\"\"><\/p>\n<h3>biowoch-dudelmagie<\/h3>\n<\/li>\n<li>\n<p> <img decoding=\"async\" src=\"\/_res\/uploads\/2025\/06\/biowoch-haff-ditgesbaach.jpg\" alt=\"\"><\/p>\n<h3>biowoch-haff-ditgesbaach<\/h3>\n<\/li>\n<li>\n<p> <img decoding=\"async\" src=\"\/_res\/uploads\/2025\/06\/biowoch-karelshaff-greg-colling.jpg\" alt=\"\"><\/p>\n<h3>biowoch-karelshaff-greg-colling<\/h3>\n<\/li>\n<li>\n<p> <img decoding=\"async\" src=\"\/_res\/uploads\/2025\/06\/biowoch-mangen-moonen-josette.jpg\" alt=\"\"><\/p>\n<h3>biowoch-mangen-moonen-josette<\/h3>\n<\/li>\n<\/ul>\n<p><img decoding=\"async\" src=\"\/_res\/uploads\/2025\/06\/desktop-hero-assets.png\" alt=\"\"><br \/>\n<img decoding=\"async\" src=\"\/_res\/uploads\/2025\/06\/hero-footer-2025.svg\" alt=\"\"><br \/>\n<a href=\"\/#biowoch-section\"><img decoding=\"async\" src=\"\/_res\/uploads\/2023\/04\/front-bottomarrow-hero.svg\" alt=\"\"><\/a><\/p>\n<ul>\n<li>\n<p> <img decoding=\"async\" src=\"\/_res\/uploads\/2025\/06\/biowoch-groupe.jpg\" alt=\"Biowoch Groupe\"><\/p>\n<h3>Biowoch Groupe<\/h3>\n<\/li>\n<li>\n<p> <img decoding=\"async\" src=\"\/_res\/uploads\/2025\/06\/toodlermillen-verticale.jpg\" alt=\"\"><\/p>\n<h3>toodlermillen-verticale<\/h3>\n<\/li>\n<li>\n<p> <img decoding=\"async\" src=\"\/_res\/uploads\/2025\/06\/baltes-verticale.jpg\" alt=\"\"><\/p>\n<h3>baltes-verticale<\/h3>\n<\/li>\n<li>\n<p> <img decoding=\"async\" src=\"\/_res\/uploads\/2025\/06\/dudelmagie-verticale.jpg\" alt=\"\"><\/p>\n<h3>dudelmagie-verticale<\/h3>\n<\/li>\n<li>\n<p> <img decoding=\"async\" src=\"\/_res\/uploads\/2025\/06\/haffditgesbach-verticale.jpg\" alt=\"\"><\/p>\n<h3>haffditgesbach-verticale<\/h3>\n<\/li>\n<li>\n<p> <img decoding=\"async\" src=\"\/_res\/uploads\/2025\/06\/karelshaff-verticale.jpg\" alt=\"\"><\/p>\n<h3>karelshaff-verticale<\/h3>\n<\/li>\n<li>\n<p> <img decoding=\"async\" src=\"\/_res\/uploads\/2025\/06\/mangen-moonen-verticale.jpg\" alt=\"\"><\/p>\n<h3>mangen-moonen-verticale<\/h3>\n<\/li>\n<\/ul>\n<p><img decoding=\"async\" src=\"\/_res\/uploads\/2025\/06\/desktop-hero-assets.png\" alt=\"\"><br \/>\n<img decoding=\"async\" src=\"\/_res\/uploads\/2025\/06\/hero-footer-2025.svg\" alt=\"\"><\/p>\n<h1>D\u00e9i dr\u00ebtt <img loading=\"lazy\" decoding=\"async\" src=\"\/_res\/uploads\/2023\/04\/bio.svg\" width=\"92\" height=\"30\" class=\"bio-text\" \/><strong>Woch<\/strong><br \/>vum 19. bis 28. September<\/h1>\n<div>\n<p><strong>Dem Bio-Bauer s\u00e4i ganze Stolz<\/strong><\/p>\n<p>D\u2019Vereenegung fir Biolandwirtschaft Le\u0308tzebuerg a.s.b.l. organise\u0301iert am Joer 2025 mat der E\u0308nnerste\u0308tzung vum Ministe\u0300re de l\u2019Agriculture, de l\u2018Alimentation et de la Viticulture, de\u0301i 3. BIO-Woch \u201cDem Bio-Bauer sa\u0308i ganze Stolz\u201c, de\u0301i te\u0308schent dem 19.09. an dem 28.09. stattfanne wa\u0308ert. D\u2019BIO- Woch ass eng grouss ugeluechte Sensibilise\u0301ierungscampagne fir d\u2019biologesch Landwirtschaft an hir Produkter.<\/p>\n<p>Gitt Partner vun der BIO-Woch an e\u0308nnerste\u0308tzt domat d\u2019Le\u0308tzebuerger Bio-Produzenten.<\/p>\n<\/div>\n<h1><strong>Aktiounen<\/strong><\/h1>\n<div>\n<\/div>\n<p>\n <a href=\"\/aktiounen\/\">m\u00e9i Aktiounen<\/a>\n<\/p>\n<h2><strong>Eis Sponsoren<\/strong><\/h2>\n<ul>\n<li>\n<p> <img decoding=\"async\" src=\"\/_res\/uploads\/2024\/09\/grand-mecenes-ministere-de-lagriculture-2.png\" alt=\"\"><\/p>\n<h3>Grand mecenes_ministere de l&rsquo;agriculture<\/h3>\n<\/li>\n<li>\n<p> <img decoding=\"async\" src=\"\/_res\/uploads\/2024\/09\/mecenes-naturata.png\" alt=\"\"><\/p>\n<h3>mecenes_naturata<\/h3>\n<\/li>\n<li>\n<p> <img decoding=\"async\" src=\"\/_res\/uploads\/2024\/09\/mecenes-ministere-lenvironnement.png\" alt=\"\"><\/p>\n<h3>mecenes_ministere l&rsquo;environnement<\/h3>\n<\/li>\n<li>\n<p> <img decoding=\"async\" src=\"\/_res\/uploads\/2024\/09\/20240903-sponsor-web-2.png\" alt=\"\"><\/p>\n<h3>amis_biog<\/h3>\n<\/li>\n<li>\n<p> <img decoding=\"async\" src=\"\/_res\/uploads\/2024\/09\/amis-biogros.png\" alt=\"\"><\/p>\n<h3>amis_biogros<\/h3>\n<\/li>\n<li>\n<p> <img decoding=\"async\" src=\"\/_res\/uploads\/2024\/09\/amis-cactus.png\" alt=\"\"><\/p>\n<h3>amis_cactus<\/h3>\n<\/li>\n<li>\n<p> <img decoding=\"async\" src=\"\/_res\/uploads\/2024\/09\/amis-raiffeisen.png\" alt=\"\"><\/p>\n<h3>amis_raiffeisen<\/h3>\n<\/li>\n<li>\n<p> <img decoding=\"async\" src=\"\/_res\/uploads\/2024\/09\/supporteurs-biog.png\" alt=\"\"><\/p>\n<h3>Supporteurs_Biog<\/h3>\n<\/li>\n<li>\n<p> <img decoding=\"async\" src=\"\/_res\/uploads\/2024\/09\/supporteurs-bioplanet.png\" alt=\"\"><\/p>\n<h3>Supporteurs_Bioplanet<\/h3>\n<\/li>\n<li>\n<p> <img decoding=\"async\" src=\"\/_res\/uploads\/2024\/09\/supporteurs-niessen.png\" alt=\"\"><\/p>\n<h3>Supporteurs_Niessen<\/h3>\n<\/li>\n<li>\n<p> <img decoding=\"async\" src=\"\/_res\/uploads\/2024\/09\/donateur-alavita.png\" alt=\"\"><\/p>\n<h3>Donateur_Alavita<\/h3>\n<\/li>\n<li>\n<p> <img decoding=\"async\" src=\"\/_res\/uploads\/2024\/09\/donateur-cloos-kraus.png\" alt=\"\"><\/p>\n<h3>Donateur_Cloos &#038; Kraus<\/h3>\n<\/li>\n<li>\n<p> <img decoding=\"async\" src=\"\/_res\/uploads\/2024\/09\/donateur-luxiocert.png\" alt=\"\"><\/p>\n<h3>Donateur_luxiocert<\/h3>\n<\/li>\n<li>\n<p> <img decoding=\"async\" src=\"\/_res\/uploads\/2024\/09\/donateur-eleclerc.png\" alt=\"\"><\/p>\n<h3>Donateur_E.Leclerc<\/h3>\n<\/li>\n<li>\n<p> <img decoding=\"async\" src=\"\/_res\/uploads\/2024\/09\/donateur-moulins.png\" alt=\"\"><\/p>\n<h3>Donateur_Moulins<\/h3>\n<\/li>\n<li>\n<p> <img decoding=\"async\" src=\"\/_res\/uploads\/2024\/09\/donateur-spuerkeess.png\" alt=\"\"><\/p>\n<h3>Donateur_Spuerkeess<\/h3>\n<\/li>\n<\/ul>\n<p>\n <a href=\"\/partner\/\">m\u00e9i Sponsoren<\/a>\n<\/p>\n<p><img decoding=\"async\" src=\"\/_res\/uploads\/2023\/04\/bio-lux.svg\" alt=\"\"><\/p>\n<h2>\n<p><strong>made in<\/strong><br \/><strong>Luxembourg<\/strong><\/p>\n<\/h2>\n<h2>\n<p>Wou kann een zu L\u00ebtzebuerg<br \/>regional <img loading=\"lazy\" decoding=\"async\" src=\"\/_res\/uploads\/2023\/04\/bio.svg\" width=\"92\" height=\"30\" class=\"bio-text\" \/>Iesswuere kaafen?<\/p>\n<\/h2>\n<h1><strong>Fannt eis BIO-Baueren<\/strong><\/h1>\n<ul>\n<li>\n<p> <img decoding=\"async\" src=\"\/_res\/uploads\/2023\/05\/logos.png\" alt=\"\"><\/p>\n<h3>Bio L\u00ebtzebuerg<\/h3>\n<div>\n<p>D\u2019Produzenten d\u00e9i den Bio L\u00ebtzebuerg Label hunn<\/p>\n<\/div>\n<p><a href=\"\/produzenten\/?filter=bio-letzebuerg\"><\/a><\/p>\n<\/li>\n<li>\n<p> <img decoding=\"async\" src=\"\/_res\/uploads\/2023\/05\/logos2.png\" alt=\"\"><\/p>\n<h3>Demeter<\/h3>\n<div>\n<p>D\u2019Produzenten d\u00e9i den Bio L\u00ebtzebuerg Label hunn<\/p>\n<\/div>\n<p><a href=\"\/produzenten\/?filter=demeter\"><\/a><\/p>\n<\/li>\n<li>\n<p> <img decoding=\"async\" src=\"\/_res\/uploads\/2023\/05\/logos3.png\" alt=\"\"><\/p>\n<h3>Eu Bio<\/h3>\n<div>\n<p><span>D\u2019Produzenten d\u00e9i den EU Bio<\/span><span>\u00a0Label hunn<\/span><\/p>\n<\/div>\n<p><a href=\"\/produzenten\/?filter=eubio\"><\/a><\/p>\n<\/li>\n<li>\n<p> <img decoding=\"async\" src=\"\/_res\/uploads\/2023\/05\/biomaufel-logo.png\" alt=\"\"><\/p>\n<h3>BioMaufel<\/h3>\n<div>\n<p><span>D\u2019Produzenten d\u00e9i den BioMaufel<\/span><span>\u00a0Label hunn<\/span><\/p>\n<\/div>\n<p><a href=\"\/produzenten\/?filter=maufel\"><\/a><\/p>\n<\/li>\n<li>\n<p> <img decoding=\"async\" src=\"\/_res\/uploads\/2023\/05\/biogreenbeef.png\" alt=\"\"><\/p>\n<h3>BioGreenBeef<\/h3>\n<div>\n<p><span>D\u2019Produzenten d\u00e9i den BioGreenBeef<\/span><span>\u00a0Label hunn<\/span><\/p>\n<\/div>\n<p><a href=\"\/produzenten\/?filter=greenbeef\"><\/a><\/p>\n<\/li>\n<\/ul>\n<h1><strong>Fannt eis Bio-Baueren<\/strong><\/h1>\n<ul>\n<li>\n<p> <img decoding=\"async\" src=\"\/_res\/uploads\/2023\/05\/logos-1.png\" alt=\"\"><\/p>\n<div>\n<p style=\"text-align: left;\"><span>D\u2019Produzenten d\u00e9i den Bio L\u00ebtzebuerg Label hunn<\/span><\/p>\n<\/div>\n<p><a href=\"https:\/\/biowoch.lu\/produzenten\/?filter=bio-letzebuerg\"><\/a><\/p>\n<\/li>\n<li>\n<p> <img decoding=\"async\" src=\"\/_res\/uploads\/2023\/05\/logos2-1.png\" alt=\"\"><\/p>\n<div>\n<p style=\"text-align: left;\"><span>D\u2019Produzenten d\u00e9i den Demeter-Label hunn<\/span><\/p>\n<\/div>\n<p><a href=\"https:\/\/biowoch.lu\/produzenten\/?filter=demeter\"><\/a><\/p>\n<\/li>\n<li>\n<p> <img decoding=\"async\" src=\"\/_res\/uploads\/2023\/05\/logos3-1.png\" alt=\"\"><\/p>\n<div>\n<p><span>D\u2019Produzenten d\u00e9i den EU-BIO Label hunn<\/span><\/p>\n<\/div>\n<p><a href=\"https:\/\/biowoch.lu\/produzenten\/?filter=eubio\"><\/a><\/p>\n<\/li>\n<li>\n<p> <img decoding=\"async\" src=\"\/_res\/uploads\/2023\/05\/biogreenbeef.png\" alt=\"\"><\/p>\n<h3>biogreenbeef<\/h3>\n<div>\n<p><span>D\u2019Produzenten d\u00e9i den BioGreenBeef Label hunn<\/span><\/p>\n<\/div>\n<p><a href=\"\/produzenten\/?filter=greenbeef\"><\/a><\/p>\n<\/li>\n<li>\n<p> <img decoding=\"async\" src=\"\/_res\/uploads\/2023\/05\/biomaufel-logo.png\" alt=\"\"><\/p>\n<h3>biomaufel-logo<\/h3>\n<div>\n<p><span>D\u2019Produzenten d\u00e9i den BioMaufel Label hunn<\/span><\/p>\n<\/div>\n<p><a href=\"\/produzenten\/?filter=maufel\"><\/a><\/p>\n<\/li>\n<\/ul>\n<p><br \/>\n<\/p>\n","protected":false},"excerpt":{"rendered":"<p>biowoch-a-miergen biowoch-biohaff-baltes biowoch-dudelmagie biowoch-haff-ditgesbaach biowoch-karelshaff-greg-colling biowoch-mangen-moonen-josette Biowoch Groupe toodlermillen-verticale baltes-verticale dudelmagie-verticale haffditgesbach-verticale karelshaff-verticale mangen-moonen-verticale D\u00e9i dr\u00ebtt Wochvum 19. bis 28. September Dem Bio-Bauer s\u00e4i ganze Stolz D\u2019Vereenegung fir Biolandwirtschaft Le\u0308tzebuerg a.s.b.l. organise\u0301iert am Joer 2025 mat der E\u0308nnerste\u0308tzung vum Ministe\u0300re de l\u2019Agriculture, de l\u2018Alimentation et de la Viticulture, de\u0301i 3. BIO-Woch \u201cDem Bio-Bauer sa\u0308i ganze [&hellip;]<\/p>\n","protected":false},"author":1,"featured_media":0,"parent":0,"menu_order":0,"comment_status":"closed","ping_status":"closed","template":"","meta":{"footnotes":""},"class_list":["post-437","page","type-page","status-publish","hentry"],"acf":[],"_links":{"self":[{"href":"https:\/\/biowoch.mwd-dev.lu\/fr\/wp-json\/wp\/v2\/pages\/437","targetHints":{"allow":["GET"]}}],"collection":[{"href":"https:\/\/biowoch.mwd-dev.lu\/fr\/wp-json\/wp\/v2\/pages"}],"about":[{"href":"https:\/\/biowoch.mwd-dev.lu\/fr\/wp-json\/wp\/v2\/types\/page"}],"author":[{"embeddable":true,"href":"https:\/\/biowoch.mwd-dev.lu\/fr\/wp-json\/wp\/v2\/users\/1"}],"replies":[{"embeddable":true,"href":"https:\/\/biowoch.mwd-dev.lu\/fr\/wp-json\/wp\/v2\/comments?post=437"}],"version-history":[{"count":0,"href":"https:\/\/biowoch.mwd-dev.lu\/fr\/wp-json\/wp\/v2\/pages\/437\/revisions"}],"wp:attachment":[{"href":"https:\/\/biowoch.mwd-dev.lu\/fr\/wp-json\/wp\/v2\/media?parent=437"}],"curies":[{"name":"wp","href":"https:\/\/api.w.org\/{rel}","templated":true}]}}