{"id":23,"date":"2023-03-31T09:56:04","date_gmt":"2023-03-31T09:56:04","guid":{"rendered":"http:\/\/biowoch.mwd-dev.lu\/?page_id=23"},"modified":"2024-09-30T05:45:25","modified_gmt":"2024-09-30T05:45:25","slug":"rezepter","status":"publish","type":"page","link":"https:\/\/biowoch.mwd-dev.lu\/fr\/rezepter\/","title":{"rendered":"Rezepter"},"content":{"rendered":"<h1>\n<p>Dir w\u00ebllt och un der<\/p>\n<p><img loading=\"lazy\" decoding=\"async\" src=\"\/_res\/uploads\/2023\/04\/bio.svg\" width=\"92\" height=\"30\" class=\"bio-text\" \/><strong>Woch<\/strong> deelhuelen,<\/p>\n<p>w\u00ebsst awer net wat kachen?<\/p>\n<\/h1>\n<p><img decoding=\"async\" src=\"\/_res\/uploads\/2023\/04\/plate.png\" alt=\"\"><br \/>\n<img decoding=\"async\" src=\"\/_res\/uploads\/2023\/04\/rarrow.svg\" alt=\"\"><br \/>\n<a href=\"#bio-recipes\"><img decoding=\"async\" src=\"\/_res\/uploads\/2023\/04\/barrow.svg\" alt=\"\"><\/a><\/p>\n<h2><strong>Rezepter<br \/><\/strong><\/h2>\n<div>\n<p>Kacht bekannte L\u00ebtzebuerger Rezepter mat Bio-Iesswueren no:<\/p>\n<\/div>\n<ul>\n<li>\n<p> <img decoding=\"async\" src=\"\/_res\/uploads\/2023\/04\/kniddelen-luxemburger-mehlnocken.jpeg\" alt=\"\"><\/p>\n<h3>Kniddelen \u2013 Luxemburger Mehlnocken<\/h3>\n<div>\n<p>verfasst von Lea Linster<\/p>\n<\/div>\n<p><a href=\"https:\/\/lealinster.com\/portfolio-item\/luxemburger-kniddelen\/\"><\/a><\/p>\n<\/li>\n<li>\n<p> <img decoding=\"async\" src=\"\/_res\/uploads\/2023\/04\/x-gromperekichelcher-x-zt7b7973.jpg\" alt=\"\"><\/p>\n<h3>Luxembourgish Gromperekichelcher<\/h3>\n<div>\n<p>verfasst von Anne\u2019s Kitchen<\/p>\n<\/div>\n<p><a href=\"https:\/\/anneskitchen.lu\/recipes\/luxembourgish-gromperekichelcher\/\"><\/a><\/p>\n<\/li>\n<li>\n<p> <img decoding=\"async\" src=\"\/_res\/uploads\/2024\/09\/zucchini-rosen-website.jpeg\" alt=\"\"><\/p>\n<h3>Zucchini-Bl\u00e4tterteig-Rosen<\/h3>\n<div>\n<p>verfasst von Liz Sinner &#8211; vegelizous<\/p>\n<\/div>\n<p><a href=\"https:\/\/www.naturata.lu\/de\/rezepte\/zucchini-blaetterteig-rosen\"><\/a><\/p>\n<\/li>\n<li>\n<p> <img decoding=\"async\" src=\"\/_res\/uploads\/2024\/09\/grillkase-spiese-website.jpeg\" alt=\"\"><\/p>\n<h3>Grillk\u00e4se Spie\u00dfe<\/h3>\n<div>\n<p>verfasst von Liz Sinner &#8211; vegelizous<\/p>\n<\/div>\n<p><a href=\"https:\/\/www.naturata.lu\/de\/rezepte\/grillkaese-spiesse\"><\/a><\/p>\n<\/li>\n<li>\n<p> <img decoding=\"async\" src=\"\/_res\/uploads\/2024\/09\/potato-salad-website.jpeg\" alt=\"\"><\/p>\n<h3>Mediterraner Kartoffelsalat mit Kr\u00e4utern<\/h3>\n<div>\n<p>verfasst von Liz Sinner &#8211; vegelizous<\/p>\n<\/div>\n<p><a href=\"https:\/\/www.naturata.lu\/de\/rezepte\/mediterraner-kartoffelsalat-mit-kraeutern-2\"><\/a><\/p>\n<\/li>\n<li>\n<p> <img decoding=\"async\" src=\"\/_res\/uploads\/2024\/09\/spekulatius-himbeer-tiramisu-website-2024-04-16-140254-wisi.jpeg\" alt=\"\"><\/p>\n<h3>Himbeer Speculoos Tiramisu<\/h3>\n<div>\n<p>verfasst von Liz Sinner &#8211; vegelizous<\/p>\n<\/div>\n<p><a href=\"https:\/\/www.naturata.lu\/de\/rezepte\/himbeer-speculoos-tiramisu\"><\/a><\/p>\n<\/li>\n<li>\n<p> <img decoding=\"async\" src=\"\/_res\/uploads\/2024\/09\/mushroom-pasta-website.jpeg\" alt=\"\"><\/p>\n<h3>Cremige Champignon-Pasta<\/h3>\n<div>\n<p>verfasst von Liz Sinner &#8211; vegelizous<\/p>\n<\/div>\n<p><a href=\"https:\/\/www.naturata.lu\/de\/rezepte\/cremige-champignon-pasta\"><\/a><\/p>\n<\/li>\n<li>\n<p> <img decoding=\"async\" src=\"\/_res\/uploads\/2024\/09\/raclette-und-suppe.png\" alt=\"\"><\/p>\n<h3>Gegrilltes K\u00e4sesandwich mit ger\u00f6steter Karottensuppe<\/h3>\n<div>\n<p>verfasst von Liz Sinner &#8211; vegelizous<\/p>\n<\/div>\n<p><a href=\"https:\/\/www.naturata.lu\/de\/rezepte\/gegrilltes-kaesesandwich-mit-geroesteter-karottensuppe\"><\/a><\/p>\n<\/li>\n<li>\n<p> <img decoding=\"async\" src=\"\/_res\/uploads\/2024\/09\/kurbis-quiche-website-622x411-1.jpeg\" alt=\"\"><\/p>\n<h3>Hokkaido-K\u00fcrbis-Quiche mit getrockneten Tomaten<\/h3>\n<div>\n<p>verfasst von Liz Sinner &#8211; vegelizous<\/p>\n<\/div>\n<p><a href=\"https:\/\/www.naturata.lu\/de\/rezepte\/hokkaido-kuerbis-quiche-mit-getrockneten-tomaten\"><\/a><\/p>\n<\/li>\n<li>\n<p> <img decoding=\"async\" src=\"\/_res\/uploads\/2024\/09\/hot-chocolate-website.jpeg\" alt=\"\"><\/p>\n<h3>Hei\u00dfe Schokolade mit weihnachtlichen Gew\u00fcrzen<\/h3>\n<div>\n<p>verfasst von Liz Sinner &#8211; vegelizous<\/p>\n<\/div>\n<p><a href=\"https:\/\/www.naturata.lu\/de\/rezepte\/heisse-schokolade-mit-weihnachtlichen-gewuerzen\"><\/a><\/p>\n<\/li>\n<li>\n<p> <img decoding=\"async\" src=\"\/_res\/uploads\/2024\/09\/kniddelen-naturata.jpeg\" alt=\"\"><\/p>\n<h3>Mehlkn\u00f6del mit BIOG Stoffi &#8211; Kniddelen<\/h3>\n<p><a href=\"https:\/\/www.naturata.lu\/de\/rezepte\/mehlknoedel-mit-biog-stoffi-kniddelen\"><\/a><\/p>\n<\/li>\n<li>\n<p> <img decoding=\"async\" src=\"\/_res\/uploads\/2024\/09\/rote-bete-salat-1-2.jpeg\" alt=\"\"><\/p>\n<h3>BIOG Rote Bete Carpaccio mit Feldsalat, karamelisierten Birnen und Ziegenk\u00e4se<\/h3>\n<p><a href=\"https:\/\/www.naturata.lu\/de\/rezepte\/biog-rote-bete-carpaccio-mit-feldsalat-karamelisierten-birnen-und-ziegenkaese\"><\/a><\/p>\n<\/li>\n<li>\n<p> <img decoding=\"async\" src=\"\/_res\/uploads\/2024\/09\/apfelkuchen-rezept-naturata.jpeg\" alt=\"\"><\/p>\n<h3>Schneller Apfelkuchen mit Zutaten von BIOG<\/h3>\n<p><a href=\"https:\/\/www.naturata.lu\/de\/rezepte\/schneller-apfelkuchen-mit-zutaten-von-biog\"><\/a><\/p>\n<\/li>\n<li>\n<p> <img decoding=\"async\" src=\"\/_res\/uploads\/2024\/09\/matcha-milkshake-website-622x411-1.jpeg\" alt=\"\"><\/p>\n<h3>Vanille-Matcha-Milchshake<\/h3>\n<div>\n<p>verfasst von Liz Sinner &#8211; vegelizous<\/p>\n<\/div>\n<p><a href=\"https:\/\/www.naturata.lu\/de\/rezepte\/vanille-matcha-milchshake\"><\/a><\/p>\n<\/li>\n<li>\n<p> <img decoding=\"async\" src=\"\/_res\/uploads\/2023\/04\/vegelasagne-1170x1183-1.jpeg\" alt=\"\"><\/p>\n<h3>Vegetarische Lasagne mit Pilzen<\/h3>\n<div>\n<p>verfasst von KACHEN Magazine<\/p>\n<\/div>\n<p><a href=\"https:\/\/www.kachen.lu\/de\/vegetarian-lasagne-with-mushrooms\/\"><\/a><\/p>\n<\/li>\n<li>\n<p> <img decoding=\"async\" src=\"\/_res\/uploads\/2023\/04\/veganbun.jpg\" alt=\"\"><\/p>\n<h3>Veganes Bio-Br\u00f6tchen<\/h3>\n<p>Vegan<\/p>\n<div>\n<p><span>verfasst von\u00a0<\/span>KACHEN Magazine<\/p>\n<\/div>\n<p><a href=\"https:\/\/www.kachen.lu\/de\/vegan-bio-buns\/\"><\/a><\/p>\n<\/li>\n<li>\n<\/li>\n<\/ul>\n<p><br \/>\n<\/p>\n","protected":false},"excerpt":{"rendered":"<p>Dir w\u00ebllt och un der Woch deelhuelen, w\u00ebsst awer net wat kachen? Rezepter Kacht bekannte L\u00ebtzebuerger Rezepter mat Bio-Iesswueren no: Kniddelen \u2013 Luxemburger Mehlnocken verfasst von Lea Linster Luxembourgish Gromperekichelcher verfasst von Anne\u2019s Kitchen Zucchini-Bl\u00e4tterteig-Rosen verfasst von Liz Sinner &#8211; vegelizous Grillk\u00e4se Spie\u00dfe verfasst von Liz Sinner &#8211; vegelizous Mediterraner Kartoffelsalat mit Kr\u00e4utern verfasst von [&hellip;]<\/p>\n","protected":false},"author":1,"featured_media":0,"parent":0,"menu_order":0,"comment_status":"closed","ping_status":"closed","template":"","meta":{"footnotes":""},"class_list":["post-23","page","type-page","status-publish","hentry"],"acf":[],"_links":{"self":[{"href":"https:\/\/biowoch.mwd-dev.lu\/fr\/wp-json\/wp\/v2\/pages\/23","targetHints":{"allow":["GET"]}}],"collection":[{"href":"https:\/\/biowoch.mwd-dev.lu\/fr\/wp-json\/wp\/v2\/pages"}],"about":[{"href":"https:\/\/biowoch.mwd-dev.lu\/fr\/wp-json\/wp\/v2\/types\/page"}],"author":[{"embeddable":true,"href":"https:\/\/biowoch.mwd-dev.lu\/fr\/wp-json\/wp\/v2\/users\/1"}],"replies":[{"embeddable":true,"href":"https:\/\/biowoch.mwd-dev.lu\/fr\/wp-json\/wp\/v2\/comments?post=23"}],"version-history":[{"count":0,"href":"https:\/\/biowoch.mwd-dev.lu\/fr\/wp-json\/wp\/v2\/pages\/23\/revisions"}],"wp:attachment":[{"href":"https:\/\/biowoch.mwd-dev.lu\/fr\/wp-json\/wp\/v2\/media?parent=23"}],"curies":[{"name":"wp","href":"https:\/\/api.w.org\/{rel}","templated":true}]}}