{"id":1768,"date":"2026-02-19T10:20:41","date_gmt":"2026-02-19T10:20:41","guid":{"rendered":"https:\/\/biowoch.mwd-dev.lu\/?page_id=1768"},"modified":"2026-02-19T11:00:53","modified_gmt":"2026-02-19T11:00:53","slug":"partner-sponsor-formular","status":"publish","type":"page","link":"https:\/\/biowoch.mwd-dev.lu\/fr\/partner-sponsor-formular\/","title":{"rendered":"Partner- &#038; Sponsor-Formular"},"content":{"rendered":"<div class=\"mwd-shortcode\">\n<div class=\"wpcf7 no-js\" id=\"wpcf7-f1767-o1\" lang=\"en-US\" dir=\"ltr\" data-wpcf7-id=\"1767\">\n<div class=\"screen-reader-response\">\n<p role=\"status\" aria-live=\"polite\" aria-atomic=\"true\">\n<ul><\/ul>\n<\/div>\n<form action=\"\/wp-admin\/admin-ajax.php?action=kernel&#038;p=page#wpcf7-f1767-o1\" method=\"post\" class=\"wpcf7-form init wpcf7-acceptance-as-validation\" aria-label=\"Contact form\" novalidate=\"novalidate\" data-status=\"init\">\n<fieldset class=\"hidden-fields-container\"><input type=\"hidden\" name=\"_wpcf7\" value=\"1767\" \/><input type=\"hidden\" name=\"_wpcf7_version\" value=\"6.1.5\" \/><input type=\"hidden\" name=\"_wpcf7_locale\" value=\"en_US\" \/><input type=\"hidden\" name=\"_wpcf7_unit_tag\" value=\"wpcf7-f1767-o1\" \/><input type=\"hidden\" name=\"_wpcf7_container_post\" value=\"0\" \/><input type=\"hidden\" name=\"_wpcf7_posted_data_hash\" value=\"\" \/><input type=\"hidden\" name=\"_wpcf7cf_hidden_group_fields\" value=\"[]\" \/><input type=\"hidden\" name=\"_wpcf7cf_hidden_groups\" value=\"[]\" \/><input type=\"hidden\" name=\"_wpcf7cf_visible_groups\" value=\"[]\" \/><input type=\"hidden\" name=\"_wpcf7cf_repeaters\" value=\"[]\" \/><input type=\"hidden\" name=\"_wpcf7cf_steps\" value=\"{}\" \/><input type=\"hidden\" name=\"_wpcf7cf_options\" value=\"{&quot;form_id&quot;:1767,&quot;conditions&quot;:[{&quot;then_field&quot;:&quot;partner&quot;,&quot;and_rules&quot;:[{&quot;if_field&quot;:&quot;typ&quot;,&quot;operator&quot;:&quot;equals&quot;,&quot;if_value&quot;:&quot;Partner \\\/ partenaire&quot;}]},{&quot;then_field&quot;:&quot;sponsor&quot;,&quot;and_rules&quot;:[{&quot;if_field&quot;:&quot;typ&quot;,&quot;operator&quot;:&quot;equals&quot;,&quot;if_value&quot;:&quot;Sponsor&quot;}]}],&quot;settings&quot;:{&quot;animation&quot;:&quot;yes&quot;,&quot;animation_intime&quot;:200,&quot;animation_outtime&quot;:200,&quot;conditions_ui&quot;:&quot;normal&quot;,&quot;notice_dismissed&quot;:false}}\" \/><br \/>\n<\/fieldset>\n<h2 class=\"uk-h1\"><\/p>\n<p><img loading=\"lazy\" decoding=\"async\" src=\"\/_res\/uploads\/2023\/04\/bio.svg\" width=\"92\" height=\"30\" class=\"bio-text\" \/><br \/>\n<strong>BIO-Woch&nbsp;<\/strong>Partner- &#038; Sponsor-Formular\n\t<\/p>\n<\/h2>\n<p><label><strong>Kontakt\u00adinformationen<\/strong><\/label><br \/>\n<label>Numm \/ Nom <span class=\"required\">*<\/span><br \/>\n<span class=\"wpcf7-form-control-wrap\" data-name=\"nom\"><input size=\"40\" maxlength=\"400\" class=\"wpcf7-form-control wpcf7-text wpcf7-validates-as-required\" autocomplete=\"name\" aria-required=\"true\" aria-invalid=\"false\" value=\"\" type=\"text\" name=\"nom\" \/><\/span><br \/>\n<\/label>\n<\/p>\n<p><label>Virnumm \/ Pr\u00e9nom <span class=\"required\">*<\/span><br \/>\n<span class=\"wpcf7-form-control-wrap\" data-name=\"prenom\"><input size=\"40\" maxlength=\"400\" class=\"wpcf7-form-control wpcf7-text wpcf7-validates-as-required\" autocomplete=\"given-name\" aria-required=\"true\" aria-invalid=\"false\" value=\"\" type=\"text\" name=\"prenom\" \/><\/span><br \/>\n<\/label>\n<\/p>\n<p><label>E-mail <span class=\"required\">*<\/span><br \/>\n<span class=\"wpcf7-form-control-wrap\" data-name=\"email\"><input size=\"40\" maxlength=\"400\" class=\"wpcf7-form-control wpcf7-email wpcf7-validates-as-required wpcf7-text wpcf7-validates-as-email\" autocomplete=\"email\" aria-required=\"true\" aria-invalid=\"false\" value=\"\" type=\"email\" name=\"email\" \/><\/span><br \/>\n<\/label>\n<\/p>\n<hr \/>\n<p><label><strong>Dir sidd \/ Vous \u00eates<\/strong><\/label><br \/>\n<span class=\"wpcf7-form-control-wrap\" data-name=\"typ\"><span class=\"wpcf7-form-control wpcf7-radio\"><span class=\"wpcf7-list-item first\"><label><input type=\"radio\" name=\"typ\" value=\"Partner \/ partenaire\" checked=\"checked\" \/><span class=\"wpcf7-list-item-label\">Partner \/ partenaire<\/span><\/label><\/span><span class=\"wpcf7-list-item last\"><label><input type=\"radio\" name=\"typ\" value=\"Sponsor\" \/><span class=\"wpcf7-list-item-label\">Sponsor<\/span><\/label><\/span><\/span><\/span>\n<\/p>\n<div data-id=\"partner\" data-orig_data_id=\"partner\" data-clear_on_hide class=\"\" data-class=\"wpcf7cf_group\">\n<h3><span>Partner \/ partenaire<\/span><br \/>\n\t<\/h3>\n<p><label>Numm vun der Associatioun \/ nom de l\u2019association <span class=\"required\">*<\/span><br \/>\n<span class=\"wpcf7-form-control-wrap\" data-name=\"partner_asso\"><input size=\"40\" maxlength=\"400\" class=\"wpcf7-form-control wpcf7-text wpcf7-validates-as-required\" aria-required=\"true\" aria-invalid=\"false\" value=\"\" type=\"text\" name=\"partner_asso\" \/><\/span><br \/>\n<\/label>\n\t<\/p>\n<p><label>Adress \/ adresse <span class=\"required\">*<\/span><br \/>\n<span class=\"wpcf7-form-control-wrap\" data-name=\"partner_adresse\"><textarea cols=\"40\" rows=\"10\" maxlength=\"2000\" class=\"wpcf7-form-control wpcf7-textarea wpcf7-validates-as-required\" aria-required=\"true\" aria-invalid=\"false\" name=\"partner_adresse\"><\/textarea><\/span><br \/>\n<\/label>\n\t<\/p>\n<p><label>Tel. \/ t\u00e9l. <span class=\"required\">*<\/span><br \/>\n<span class=\"wpcf7-form-control-wrap\" data-name=\"partner_tel\"><input size=\"40\" maxlength=\"400\" class=\"wpcf7-form-control wpcf7-tel wpcf7-validates-as-required wpcf7-text wpcf7-validates-as-tel\" aria-required=\"true\" aria-invalid=\"false\" value=\"\" type=\"tel\" name=\"partner_tel\" \/><\/span><br \/>\n<\/label>\n\t<\/p>\n<p><label><strong>Kontaktwonsch \/ Souhait de contact<\/strong><\/label><br \/>\n<span class=\"wpcf7-form-control-wrap\" data-name=\"partner_contact\"><span class=\"wpcf7-form-control wpcf7-checkbox wpcf7-validates-as-required\"><span class=\"wpcf7-list-item first\"><label><input type=\"checkbox\" name=\"partner_contact[]\" value=\"K\u00e9int Dir eis w.e.g. per Telefon kontakt\u00e9ieren fir eng eventuell Partnerschaft anzegoen am Kader vum Projet BIO-Woch? \/ Pourriez-vous nous contacter par t\u00e9l\u00e9phone afin de discuter d&#039;un \u00e9ventuel partenariat pour le projet BIO-Woch ?\" \/><span class=\"wpcf7-list-item-label\">K\u00e9int Dir eis w.e.g. per Telefon kontakt\u00e9ieren fir eng eventuell Partnerschaft anzegoen am Kader vum Projet BIO-Woch? \/ Pourriez-vous nous contacter par t\u00e9l\u00e9phone afin de discuter d&#039;un \u00e9ventuel partenariat pour le projet BIO-Woch ?<\/span><\/label><\/span><span class=\"wpcf7-list-item last\"><label><input type=\"checkbox\" name=\"partner_contact[]\" value=\"K\u00e9int Dir eis w.e.g. per E-mail kontakt\u00e9ieren fir eng eventuell Partnerschaft anzegoen am Kader vum Projet BIO-Woch? \/ Pourriez-vous nous contacter par e-mail afin de discuter d&#039;un \u00e9ventuel partenariat pour le projet BIO-Woch ?\" \/><span class=\"wpcf7-list-item-label\">K\u00e9int Dir eis w.e.g. per E-mail kontakt\u00e9ieren fir eng eventuell Partnerschaft anzegoen am Kader vum Projet BIO-Woch? \/ Pourriez-vous nous contacter par e-mail afin de discuter d&#039;un \u00e9ventuel partenariat pour le projet BIO-Woch ?<\/span><\/label><\/span><\/span><\/span>\n\t<\/p>\n<\/div>\n<div data-id=\"sponsor\" data-orig_data_id=\"sponsor\" data-clear_on_hide class=\"\" data-class=\"wpcf7cf_group\">\n<h3><span>Sponsor<\/span><br \/>\n\t<\/h3>\n<p><label>Numm vun der Firma \/ nom de l\u2019entreprise <span class=\"required\">*<\/span><br \/>\n<span class=\"wpcf7-form-control-wrap\" data-name=\"sponsor_firma\"><input size=\"40\" maxlength=\"400\" class=\"wpcf7-form-control wpcf7-text wpcf7-validates-as-required\" aria-required=\"true\" aria-invalid=\"false\" value=\"\" type=\"text\" name=\"sponsor_firma\" \/><\/span><br \/>\n<\/label>\n\t<\/p>\n<p><label>Adress \/ adresse <span class=\"required\">*<\/span><br \/>\n<span class=\"wpcf7-form-control-wrap\" data-name=\"sponsor_adresse\"><textarea cols=\"40\" rows=\"10\" maxlength=\"2000\" class=\"wpcf7-form-control wpcf7-textarea wpcf7-validates-as-required\" aria-required=\"true\" aria-invalid=\"false\" name=\"sponsor_adresse\"><\/textarea><\/span><br \/>\n<\/label>\n\t<\/p>\n<p><label>Tel. \/ t\u00e9l. <span class=\"required\">*<\/span><br \/>\n<span class=\"wpcf7-form-control-wrap\" data-name=\"sponsor_tel\"><input size=\"40\" maxlength=\"400\" class=\"wpcf7-form-control wpcf7-tel wpcf7-validates-as-required wpcf7-text wpcf7-validates-as-tel\" aria-required=\"true\" aria-invalid=\"false\" value=\"\" type=\"tel\" name=\"sponsor_tel\" \/><\/span><br \/>\n<\/label>\n\t<\/p>\n<p><label><strong>Interessi um Sponsors-Package \/ Int\u00e9ress\u00e9 par un package de sponsoring<\/strong><\/label><br \/>\n[radio* sponsor_package use_label_element<br \/>\n\u00ab\u00a0Grands M\u00e9c\u00e8nes | 10.000\u20ac\u00a0\u00bb<br \/>\n\u00ab\u00a0M\u00e9c\u00e8nes | 5.000\u20ac\u00a0\u00bb<br \/>\n\u00ab\u00a0Amis | 2.500\u20ac\u00a0\u00bb<br \/>\n\u00ab\u00a0Supporteurs | 1.000\u20ac\u00a0\u00bb<br \/>\n\u00ab\u00a0Donateurs | 500\u20ac\u00a0\u00bb<br \/>\n]\n\t<\/p>\n<p><label><strong>Kontaktwonsch \/ Souhait de contact<\/strong><\/label><br \/>\n<span class=\"wpcf7-form-control-wrap\" data-name=\"sponsor_contact\"><span class=\"wpcf7-form-control wpcf7-checkbox wpcf7-validates-as-required\"><span class=\"wpcf7-list-item first\"><label><input type=\"checkbox\" name=\"sponsor_contact[]\" value=\"K\u00e9int Dir eis w.e.g. per Telefon kontakt\u00e9ieren fir en eventuelle Sponsoring anzegoen am Kader vun der BIO-Woch 2026? \/ Pourriez-vous nous contacter par t\u00e9l\u00e9phone afin de discuter d&#039;un \u00e9ventuel sponsoring pour la BIO-Woch 2026 ?\" \/><span class=\"wpcf7-list-item-label\">K\u00e9int Dir eis w.e.g. per Telefon kontakt\u00e9ieren fir en eventuelle Sponsoring anzegoen am Kader vun der BIO-Woch 2026? \/ Pourriez-vous nous contacter par t\u00e9l\u00e9phone afin de discuter d&#039;un \u00e9ventuel sponsoring pour la BIO-Woch 2026 ?<\/span><\/label><\/span><span class=\"wpcf7-list-item last\"><label><input type=\"checkbox\" name=\"sponsor_contact[]\" value=\"K\u00e9int Dir eis w.e.g. per E-mail kontakt\u00e9ieren fir en eventuelle Sponsoring anzegoen am Kader vun der BIO-Woch 2026? \/ Pourriez-vous nous contacter par e-mail afin de discuter d&#039;un \u00e9ventuel sponsoring pour la BIO-Woch 2026 ?\" \/><span class=\"wpcf7-list-item-label\">K\u00e9int Dir eis w.e.g. per E-mail kontakt\u00e9ieren fir en eventuelle Sponsoring anzegoen am Kader vun der BIO-Woch 2026? \/ Pourriez-vous nous contacter par e-mail afin de discuter d&#039;un \u00e9ventuel sponsoring pour la BIO-Woch 2026 ?<\/span><\/label><\/span><\/span><\/span>\n\t<\/p>\n<\/div>\n<hr \/>\n<p><label class=\"uk-margin-small-top\"><br \/>\n<span class=\"wpcf7-form-control-wrap\" data-name=\"acceptance-315\"><span class=\"wpcf7-form-control wpcf7-acceptance\"><span class=\"wpcf7-list-item\"><label><input type=\"checkbox\" name=\"acceptance-315\" value=\"1\" aria-invalid=\"false\" \/><span class=\"wpcf7-list-item-label\">Mam Ofsch\u00e9cken vum Kontaktformular st\u00ebmmt Dir zou, datt \u00c4r Donn\u00e9e\u00ebn benotzt ginn, fir \u00c4r Ufro ze veraarbechten.<br \/>\n \/ En soumettant le formulaire de contact, vous acceptez que vos donn\u00e9es soient utilis\u00e9es pour traiter votre demande.<\/span><\/label><\/span><\/span><\/span><br \/>\n<\/label>\n<\/p>\n<p><a target=\"_blank\" href=\"\/notices-legales\/\"><strong>Weitere Informationen finden Sie in der Datenschutzerkl\u00e4rung<\/strong><\/a>\n<\/p>\n<p><input class=\"wpcf7-form-control wpcf7-submit has-spinner uk-button uk-button-primary\" type=\"submit\" value=\"Einreichen\" \/>\n<\/p>\n<div class=\"wpcf7-response-output\" aria-hidden=\"true\"><\/div>\n<\/form>\n<\/div>\n<\/div>\n<p><br \/>\n<\/p>\n","protected":false},"excerpt":{"rendered":"<p>BIO-Woch&nbsp;Partner- &#038; Sponsor-Formular Kontakt\u00adinformationen Numm \/ Nom * Virnumm \/ Pr\u00e9nom * E-mail * Dir sidd \/ Vous \u00eates Partner \/ partenaireSponsor Partner \/ partenaire Numm vun der Associatioun \/ nom de l\u2019association * Adress \/ adresse * Tel. \/ t\u00e9l. * Kontaktwonsch \/ Souhait de contact K\u00e9int Dir eis w.e.g. per Telefon kontakt\u00e9ieren fir [&hellip;]<\/p>\n","protected":false},"author":1,"featured_media":0,"parent":0,"menu_order":0,"comment_status":"closed","ping_status":"closed","template":"","meta":{"footnotes":""},"class_list":["post-1768","page","type-page","status-publish","hentry"],"acf":[],"_links":{"self":[{"href":"https:\/\/biowoch.mwd-dev.lu\/fr\/wp-json\/wp\/v2\/pages\/1768","targetHints":{"allow":["GET"]}}],"collection":[{"href":"https:\/\/biowoch.mwd-dev.lu\/fr\/wp-json\/wp\/v2\/pages"}],"about":[{"href":"https:\/\/biowoch.mwd-dev.lu\/fr\/wp-json\/wp\/v2\/types\/page"}],"author":[{"embeddable":true,"href":"https:\/\/biowoch.mwd-dev.lu\/fr\/wp-json\/wp\/v2\/users\/1"}],"replies":[{"embeddable":true,"href":"https:\/\/biowoch.mwd-dev.lu\/fr\/wp-json\/wp\/v2\/comments?post=1768"}],"version-history":[{"count":0,"href":"https:\/\/biowoch.mwd-dev.lu\/fr\/wp-json\/wp\/v2\/pages\/1768\/revisions"}],"wp:attachment":[{"href":"https:\/\/biowoch.mwd-dev.lu\/fr\/wp-json\/wp\/v2\/media?parent=1768"}],"curies":[{"name":"wp","href":"https:\/\/api.w.org\/{rel}","templated":true}]}}