{"id":3,"date":"2023-03-30T12:30:36","date_gmt":"2023-03-30T12:30:36","guid":{"rendered":"http:\/\/template.mwd-dev.lu\/?page_id=3"},"modified":"2023-04-25T09:11:54","modified_gmt":"2023-04-25T09:11:54","slug":"notices-legales","status":"publish","type":"page","link":"https:\/\/biowoch.mwd-dev.lu\/en\/notices-legales\/","title":{"rendered":"Imprint"},"content":{"rendered":"<h1>Notices l\u00e9gales<\/h1>\n<div>\n<p><strong>Acceptation des conditions d\u2019utilisation du site<\/strong><br \/><span>Vous \u00eates connect\u00e9 au site du Biowoch, une action de l\u2019association Vereenegung fir Biolandwirtschaft L\u00ebtzebuerg a.s.b.l.<\/span><\/p>\n<\/div>\n<h1>Pr\u00e9sentation<\/h1>\n<div>\n<p><strong>Si\u00e8ge social:<\/strong><br \/><span>13, rue Gabriel Lippmann<br \/>L-5365 Munsbach<\/span><\/p>\n<p><strong>Contact<\/strong><br \/>E-mail:<span> <a class=\"mail\" href=\"mailto:info@biovereenegung.lu\">info@biovereenegung.lu<\/a><\/span><\/p>\n<p><strong>Contact technique<\/strong><br \/>Marc Wilmes Design S.\u00e0 r.l.<br \/>E-mail:<span>\u00a0<\/span><a class=\"mail\" href=\"mailto:info@marcwilmesdesign.lu\">info@marcwilmesdesign.lu<\/a><\/p>\n<\/p>\n<p><em>Ce site est soumis \u00e0 la l\u00e9gislation luxembourgeoise.<\/em><br \/><em>Biowoch s\u2019engage \u00e0 respecter toutes les lois et tous les r\u00e8glements luxembourgeois r\u00e9gissant l\u2019exploitation d\u2019un site Internet.<br \/>Il est rappel\u00e9 que le secret des correspondances n\u2019est pas garanti sur le r\u00e9seau Internet et qu\u2019il appartient \u00e0 chaque utilisateur d\u2019Internet de prendre toutes les mesures appropri\u00e9es, de fa\u00e7on \u00e0 prot\u00e9ger ses propres donn\u00e9es et\/ou logiciels de la contamination par d\u2019\u00e9ventuels virus circulant sur Internet.<\/em><\/p>\n<\/div>\n<h1>Donn\u00e9es nominatives<\/h1>\n<div>\n<p>L\u2019acc\u00e8s \u00e0 certaines pages du site est subordonn\u00e9 \u00e0 la communication pr\u00e9alable de donn\u00e9es personnelles concernant les utilisateurs. Biowoch ne stocke sur support \u00e9lectronique ou sous toute autre forme que des donn\u00e9es utiles dans le cadre de l\u2019ex\u00e9cution de ses services.<br \/>Les donn\u00e9es personnelles communiqu\u00e9es par les utilisateurs sont confidentielles et ne seront en aucun cas transmises \u00e0 des tiers sans l\u2019approbation pr\u00e9alable des utilisateurs.<br \/>Biowoch s\u2019engage \u00e0 tout mettre en oeuvre afin que les donn\u00e9es personnelles fournies par l\u2019utilisateur du site soient transmises par voie s\u00e9curis\u00e9e, mais rappelle \u00e0 l\u2019utilisateur que le secret des correspondances n\u2019est pas garanti sur le r\u00e9seau internet.<br \/>L\u2019utilisateur accepte que toute utilisation du site s\u2019effectue sous sa propre responsabilit\u00e9.<br \/>Conform\u00e9ment \u00e0 la l\u00e9gislation relative \u00e0 la protection des donn\u00e9es \u00e0 caract\u00e8re personnel, vous disposez des droits d\u2019acc\u00e8s et de rectification relatifs aux donn\u00e9es vous concernant. Vous pouvez exercer ces droits en adressant une demande \u00e9crite au Biowoch \u00e0 l\u2019adresse mentionn\u00e9e ci-dessus en joignant une copie de votre carte d\u2019identit\u00e9.<br \/>Les utilisateurs du site sont inform\u00e9s que, lors de l\u2019acc\u00e8s \u00e0 ce site, des informations peuvent \u00eatre temporairement conserv\u00e9es en m\u00e9moire ou sur leur \u00e9quipement informatique afin notamment de faciliter la navigation sur le site (\u2018cookies\u2019). Les utilisateurs du site reconnaissent avoir \u00e9t\u00e9 inform\u00e9s de cette pratique et autorisent Biowoch \u00e0 l\u2019employer.<br \/>En communiquant leur(s) num\u00e9ro(s) de t\u00e9l\u00e9phone ou leur adresse e-mail sur le site, les utilisateurs acceptent que Biowoch leur adresse des informations soit par t\u00e9l\u00e9phone, soit par e-mail.<br \/>Les utilisateurs ayant demand\u00e9 \u00e0 recevoir des informations via SMS ou d\u2019autres moyens de communication payants d\u00e9clarent prendre \u00e0 leur charge d\u2019\u00e9ventuels frais pouvant en d\u00e9couler pour eux.<\/p>\n<\/div>\n<h1>Droits d\u2019auteur<\/h1>\n<div>\n<p>L\u2019ensemble des marques, logos ou \u00e9l\u00e9ments figurant sur les pages de ce site est la propri\u00e9t\u00e9 exclusive du Biowoch. Toute reproduction, repr\u00e9sentation ou diffusion, en tout ou partie, du contenu de ce site sur quelque support ou par quelque proc\u00e9d\u00e9 que ce soit, constitue une contrefa\u00e7on et est interdite sans l\u2019autorisation expresse du Biowoch.<br \/>La cr\u00e9ation de liens hypertextes vers le pr\u00e9sent site est soumise \u00e0 l\u2019accord pr\u00e9alable du Biowoch.<\/p>\n<\/div>\n<h1>Liens externes<\/h1>\n<div>\n<p>Ce site web peut comprendre des liens vers des sites web non g\u00e9r\u00e9s par Biowoch. Ces liens externes vous sont uniquement propos\u00e9s \u00e0 titre d\u2019information. Si vous consultez ces sites web, il vous est conseill\u00e9 de lire minutieusement leur politique de protection de la vie priv\u00e9e. Biowoch ne peut pas \u00eatre tenu responsable de la politique de confidentialit\u00e9 ou des pratiques des administrateurs de ces sites web, ni de leur contenu.<\/p>\n<\/div>\n<h1>Informations concernant les Cookies<\/h1>\n<div>\n<p><strong>Que sont les cookies?<\/strong><br \/>Les cookies sont des petits fichiers texte permettant de saisir le comportement de navigation de l\u2019utilisateur d\u2019un site internet. Les cookies sont largement utilis\u00e9s pour faire fonctionner les sites web, pour am\u00e9liorer l\u2019exp\u00e9rience de navigation ainsi que pour fournir des informations aux propri\u00e9taires du site.<\/p>\n<p><strong>Quels sont les types de cookies utilis\u00e9s?<\/strong><br \/><em>Cookies de premi\u00e8re partie<\/em><br \/>Il s\u2019agit des cookies qui sont install\u00e9s par un site web et qui ne peuvent \u00eatre lus que par ce site web.<br \/>Les cookies de cette cat\u00e9gorie servent \u00e0 la v\u00e9rification des param\u00e8tres techniques de votre navigateur et pour enregistrer les pr\u00e9f\u00e9rences que vous avez d\u00e9termin\u00e9es lors de votre pr\u00e9c\u00e9dente visite sur le site. Leur but est de vous assurer une exp\u00e9rience optimale.<br \/>Par exemple, nous enregistrons si vous avez accept\u00e9 que nous utilisions des cookies sur ce site, de fa\u00e7on \u00e0 ce que la question ne vous soit pas pos\u00e9e \u00e0 chaque fois que vous le consultez.<\/p>\n<p><em>Cookies de tiers<\/em><br \/>Il s\u2019agit des cookies qui sont install\u00e9s par des tiers que nous utilisons pour diff\u00e9rents services (par exemple Google Analytics pour l\u2019analyse statistique du site web, YouTube pour les vid\u00e9os, Facebook pour l\u2019optimisation du ciblage de nos activit\u00e9s sur ce r\u00e9seau social, autres r\u00e9seaux sociaux lorsque les services de partage social sont activ\u00e9s, \u2026).<\/p>\n<p><em>Utilisation de Google Maps<\/em><br \/>Ce site internet utilise l\u2019interface API de Google Maps afin de repr\u00e9senter visuellement les informations g\u00e9ographiques. Lors de l\u2019utilisation de Google Maps, certaines donn\u00e9es relatives \u00e0 l\u2019utilisation des fonctionnalit\u00e9s des cartes par les visiteurs du site sont collect\u00e9es, trait\u00e9es et utilis\u00e9es par Google ( Google LLC., 1600 Amphitheatre Parkway, Mountain View, California, 94043). Vous trouverez de plus amples informations relatives au traitement des donn\u00e9es par Google en consultant les r\u00e8gles de confidentialit\u00e9 de Google sous<span>\u00a0<\/span><a href=\"https:\/\/policies.google.com\/privacy\">https:\/\/policies.google.com\/privacy<\/a>. En utilisant l\u2019interface API de Google Maps, certaines informations concernant l\u2019utilisation du site ainsi que votre adresse IP anonymis\u00e9e et raccourcie sont transmises et enregistr\u00e9es sur un serveur aux \u00c9tats-Unis d\u2019Am\u00e9rique. Nous attirons votre attention sur la diff\u00e9rence entre les niveaux de s\u00e9curit\u00e9 concernant la protection des donn\u00e9es en Europe et aux \u00c9tats-Unis d\u2019Am\u00e9rique. Si vous ne souhaitez pas utiliser l\u2019interface API de Google Maps, il vous suffit de d\u00e9sactiver Javascript dans votre navigateur internet. En continuant \u00e0 utiliser ces services, vous acceptez le transfert de donn\u00e9es vers Google.<\/p>\n<p><strong>Modalit\u00e9s de gestion et opposition aux Cookies<\/strong><br \/>Concernant les cookies de fonctionnalit\u00e9s, les internautes peuvent \u00e0 tout moment modifier les param\u00e8tres de leur navigateur internet pour g\u00e9rer voire d\u00e9sactiver l\u2019installation de ces cookies ainsi que les supprimer ou bloquer :<\/p>\n<ul>\n<li>Internet Explorer<span>\u00a0<\/span><a href=\"https:\/\/support.microsoft.com\/fr-lu\/help\/17442\/windows-internet-explorer-delete-manage-cookies\">https:\/\/support.microsoft.com\/fr-lu\/help\/17442\/windows-internet-explorer-delete-manage-cookies<\/a><\/li>\n<li>Microsoft Edge<span>\u00a0<\/span><a href=\"https:\/\/support.microsoft.com\/fr-lu\/help\/4027947\/microsoft-edge-delete-cookies\">https:\/\/support.microsoft.com\/fr-lu\/help\/4027947\/microsoft-edge-delete-cookies<\/a><\/li>\n<li>Safari<span>\u00a0<\/span><a href=\"https:\/\/support.apple.com\/fr-fr\/HT201265\">https:\/\/support.apple.com\/fr-fr\/HT201265<\/a><\/li>\n<li>Firefox<span>\u00a0<\/span><a href=\"https:\/\/support.mozilla.org\/fr\/kb\/effacer-les-cookies-pour-supprimer-les-information\">https:\/\/support.mozilla.org\/fr\/kb\/effacer-les-cookies-pour-supprimer-les-information<\/a><\/li>\n<li>Chrome<span>\u00a0<\/span><a href=\"https:\/\/support.google.com\/accounts\/answer\/61416?hl=fr\">https:\/\/support.google.com\/accounts\/answer\/61416?hl=fr<\/a><\/li>\n<li>Opera<span>\u00a0<\/span><a href=\"https:\/\/blogs.opera.com\/news\/2015\/08\/how-to-manage-cookies-in-opera\/\">https:\/\/blogs.opera.com\/news\/2015\/08\/how-to-manage-cookies-in-opera\/<\/a><span>\u00a0<\/span>(anglais)<\/li>\n<\/ul>\n<p><strong><br \/>Donner ou refuser son consentement<\/strong><br \/>Lorsqu\u2019un utilisateur visite notre site pour la premi\u00e8re fois, il est inform\u00e9 de l\u2019utilisation de cookies par une mention d\u2019information. Si l\u2019utilisateur poursuit sa navigation sur le site apr\u00e8s avoir pris connaissance de cette mention, nous pr\u00e9sumons qu`il a donn\u00e9 son accord pour le d\u00e9p\u00f4t et l\u2019utilisation de cookies, conform\u00e9ment \u00e0 la loi. Il est toutefois possible de revenir sur cette d\u00e9cision \u00e0 tout moment en s\u2019opposant au d\u00e9p\u00f4t des cookies via le param\u00e9trage du navigateur internet.<\/p>\n<\/div>\n<h1>But du traitement des donn\u00e9es<\/h1>\n<div>\n<p>Ce site utilise la plateforme d\u2019analyse web Matomo qui est open source.<br \/>Matomo est utilis\u00e9 pour analyser le comportement des utilisateurs du site afin d\u2019identifier les probl\u00e8mes potentiels tels que des pages non trouv\u00e9es, des probl\u00e8mes li\u00e9s aux moteurs de recherche ou encore les contenus les plus appr\u00e9ci\u00e9s. Une fois les donn\u00e9es (nombre des utilisateurs qui voient des pages erron\u00e9es ou uniquement une page) trait\u00e9es, Matomo g\u00e9n\u00e8re des rapports afin que les propri\u00e9taires de la page prennent des mesures (modification du layout des pages, publication de nouveaux contenus, etc).<\/p>\n<p><em><strong>Matomo<\/strong><\/em><br \/>Matomo traite les donn\u00e9es suivantes:<\/p>\n<ul>\n<li>Cookies<\/li>\n<li>Adresse IP anonymis\u00e9e (les deux derniers bytes sont retir\u00e9s)<\/li>\n<li>Localisation bas\u00e9e sur l\u2019adresse IP anonymis\u00e9e<\/li>\n<li>ID d\u2019utilisateur pseudonymis\u00e9e<\/li>\n<li>Date et heure<\/li>\n<li>Titre de la page visionn\u00e9e<\/li>\n<li>URL de la page visionn\u00e9e<\/li>\n<li>URL de la derni\u00e8re page visionn\u00e9e ant\u00e9rieurement<\/li>\n<li>R\u00e9solution de l\u2019\u00e9cran<\/li>\n<li>Heure dans le fuseau horaire concern\u00e9<\/li>\n<li>Fichiers ayant \u00e9t\u00e9 cliqu\u00e9s et t\u00e9l\u00e9charg\u00e9s<\/li>\n<li>Liens cliqu\u00e9s vers des sites ext\u00e9rieurs<\/li>\n<li>Dur\u00e9e de g\u00e9n\u00e9ration de la page<\/li>\n<li>Pays, r\u00e9gion, ville<\/li>\n<li>Langue principale du site<\/li>\n<li>User Agent du navigateur<\/li>\n<\/ul>\n<p>Le traitement des donn\u00e9es personnelles par Matomo est effectu\u00e9 sur la base d\u2019int\u00e9r\u00eats l\u00e9gitimes.<br \/>Si vous ne souhaitez pas que nous traitions vos donn\u00e9es personnelles avec Matomo, vous pouvez vous opposer \u00e0 tout moment. Il n\u2019y aura aucune cons\u00e9quence concernant l\u2019utilisation du site.<\/p>\n<p><em><strong>Formulaire de contact<\/strong><\/em><br \/>Le formulaire de contact traite l\u2019adresse e-mail et optionnellement le num\u00e9ro de t\u00e9l\u00e9phone de l\u2019utilisateur envoyant la demande. Les donn\u00e9es ne seront pas partag\u00e9es avec quiconque et ne seront utilis\u00e9es qu\u2019afin de vous envoyer une r\u00e9ponse. (pas d\u2019e-mails de marketing)<\/p>\n<\/div>\n<h1>Les int\u00e9r\u00eats l\u00e9gitimes<\/h1>\n<div>\n<p><span>Le traitement de vos donn\u00e9es personnelles nous aide \u00e0 identifier ce qui fonctionne ou non sur notre site. Par exemple, il nous aide \u00e0 identifier si la mani\u00e8re dont nous communiquons est agr\u00e9able ou non et comment nous pouvons am\u00e9liorer la structure de la page. Notre \u00e9quipe b\u00e9n\u00e9ficie du traitement de vos donn\u00e9es personnelles et peut agir en cons\u00e9quence. Gr\u00e2ce au traitement de vos donn\u00e9es personnelles, vous pouvez profiter d\u2019un site internet en constante am\u00e9lioration.<\/span><br \/><span>Sans les donn\u00e9es, nous ne serions pas en mesure de vous proposer le service que nous vous proposons actuellement.<\/span><\/p>\n<\/div>\n<h1>Destinataire des donn\u00e9es personnelles<\/h1>\n<div>\n<p>Les donn\u00e9es personnelles collect\u00e9es \u00e0 travers Matomo sont envoy\u00e9es \u00e0:<\/p>\n<ul>\n<li>Biowoch<\/li>\n<li>Notre contact technique<\/li>\n<li>Notre fournisseur d\u2019h\u00e9bergement web: Neue Medien M\u00fcnnich GmbH (ALL-INKL.COM )<\/li>\n<\/ul>\n<\/div>\n<h1>D\u00e9tails sur le transfert vers des \u00e9tats tiers<\/h1>\n<div>\n<p><span>Les donn\u00e9es de ce site et Matomo sont h\u00e9berg\u00e9s en Allemagne et ne quitteront jamais l\u2019UE.<\/span><\/p>\n<\/div>\n<h1>P\u00e9riode de r\u00e9tention des donn\u00e9es<\/h1>\n<div>\n<p><span>Nous conservons les donn\u00e9es collect\u00e9es gr\u00e2ce \u00e0 Matomo pendant une p\u00e9riode de 13 mois.<\/span><\/p>\n<\/div>\n<h1>Droits des personnes concern\u00e9es<\/h1>\n<div>\n<p>Pendant que Matomo collecte les donn\u00e9es sur la base d\u2019int\u00e9r\u00eats l\u00e9gitimes, vous pouvez exercer les droits suivants:<\/p>\n<ul>\n<li>Droit d\u2019acc\u00e8s et transmissibilit\u00e9 des donn\u00e9es: Vous pouvez \u00e0 tout moment \u00e0 acc\u00e9der \u00e0 vos donn\u00e9es.<\/li>\n<li>Droit d\u2019effacement et de rectification: Vous pouvez \u00e0 tout moment demander l\u2019effacement int\u00e9gral de vos donn\u00e9es.<\/li>\n<li>Droit d\u2019objection et restriction du traitement: vous pouvez \u00e0 tout moment vous opposer \u00e0 la collecte de vos donn\u00e9es en activant l\u2019option \u201eDoNotTrack\u201c dans votre navigateur.<\/li>\n<\/ul>\n<\/div>\n<h1>Le droit de porter plainte aupr\u00e8s de l\u2019autorit\u00e9 de contr\u00f4le<\/h1>\n<div>\n<p><span>Si vous \u00eates d\u2019avis que la mani\u00e8re dont traitons vos donn\u00e9es personnelles avec Matomo transgresse la loi, vous avez la possibilit\u00e9 de porter plainte aupr\u00e8s de l\u2019autorit\u00e9 de contr\u00f4le.<\/span><\/p>\n<\/div>\n<h1>Responsabilit\u00e9<\/h1>\n<div>\n<p><span>L\u2019utilisateur accepte que tout acc\u00e8s au site ou toute utilisation s\u2019effectue sous sa propre responsabilit\u00e9. Biowoch ne r\u00e9pond pas des dommages directs ou indirects qui peuvent \u00eatre caus\u00e9s par l\u2019utilisation du site et notamment en relation avec l\u2019interruption, l\u2019arr\u00eat ou le dysfonctionnement du site qui pourraient r\u00e9sulter notamment de l\u2019arr\u00eat pour maintenance ou de la remise en \u00e9tat du syst\u00e8me informatique, de pannes techniques ou surcharge du r\u00e9seau, de coupure des lignes t\u00e9l\u00e9phoniques, d\u2019erreurs, de n\u00e9gligence ou faute des fournisseurs de services internet ou d\u2019un tiers ainsi que d\u2019un virus en provenance d\u2019internet.<\/span><\/p>\n<\/div>\n<p><br \/>\n<\/p>\n","protected":false},"excerpt":{"rendered":"<p>Notices l\u00e9gales Acceptation des conditions d\u2019utilisation du siteVous \u00eates connect\u00e9 au site du Biowoch, une action de l\u2019association Vereenegung fir Biolandwirtschaft L\u00ebtzebuerg a.s.b.l. Pr\u00e9sentation Si\u00e8ge social:13, rue Gabriel LippmannL-5365 Munsbach ContactE-mail: info@biovereenegung.lu Contact techniqueMarc Wilmes Design S.\u00e0 r.l.E-mail:\u00a0info@marcwilmesdesign.lu Ce site est soumis \u00e0 la l\u00e9gislation luxembourgeoise.Biowoch s\u2019engage \u00e0 respecter toutes les lois et tous les [&hellip;]<\/p>\n","protected":false},"author":1,"featured_media":0,"parent":0,"menu_order":0,"comment_status":"closed","ping_status":"closed","template":"","meta":{"footnotes":""},"class_list":["post-3","page","type-page","status-publish","hentry"],"acf":[],"_links":{"self":[{"href":"https:\/\/biowoch.mwd-dev.lu\/en\/wp-json\/wp\/v2\/pages\/3","targetHints":{"allow":["GET"]}}],"collection":[{"href":"https:\/\/biowoch.mwd-dev.lu\/en\/wp-json\/wp\/v2\/pages"}],"about":[{"href":"https:\/\/biowoch.mwd-dev.lu\/en\/wp-json\/wp\/v2\/types\/page"}],"author":[{"embeddable":true,"href":"https:\/\/biowoch.mwd-dev.lu\/en\/wp-json\/wp\/v2\/users\/1"}],"replies":[{"embeddable":true,"href":"https:\/\/biowoch.mwd-dev.lu\/en\/wp-json\/wp\/v2\/comments?post=3"}],"version-history":[{"count":0,"href":"https:\/\/biowoch.mwd-dev.lu\/en\/wp-json\/wp\/v2\/pages\/3\/revisions"}],"wp:attachment":[{"href":"https:\/\/biowoch.mwd-dev.lu\/en\/wp-json\/wp\/v2\/media?parent=3"}],"curies":[{"name":"wp","href":"https:\/\/api.w.org\/{rel}","templated":true}]}}