{"id":22,"date":"2023-03-31T09:55:43","date_gmt":"2023-03-31T09:55:43","guid":{"rendered":"http:\/\/biowoch.mwd-dev.lu\/?page_id=22"},"modified":"2024-10-24T08:14:11","modified_gmt":"2024-10-24T08:14:11","slug":"mediathek","status":"publish","type":"page","link":"https:\/\/biowoch.mwd-dev.lu\/en\/mediathek\/","title":{"rendered":"Media"},"content":{"rendered":"<h1><strong>Medias<\/strong><\/h1>\n<ul>\n<li>\n <a href=\"\/mediathek\/\">2024<\/a>\n <\/li>\n<li>\n <a href=\"\/2023-2\/\">2023<\/a>\n <\/li>\n<\/ul>\n<h1><strong>7. Bio-symposium 2024<\/strong><\/h1>\n<div>\n<h6><span>Oktober \/ November 2024<\/span><\/h6>\n<\/div>\n<ul>\n<li>\n<p> <img decoding=\"async\" src=\"\/_res\/uploads\/2024\/10\/21102024-alcovit-biosymposium-s1.jpg\" alt=\"\"><\/p>\n<h3>21.10.2024_Alcovit_Biosymposium S.1<\/h3>\n<\/li>\n<li>\n<p> <img decoding=\"async\" src=\"\/_res\/uploads\/2024\/10\/21102024-alcovit-biosymposium-s2.jpg\" alt=\"\"><\/p>\n<h3>21.10.2024_Alcovit_Biosymposium S.2<\/h3>\n<\/li>\n<\/ul>\n<p>\n <a href=\"https:\/\/www.mywort.lu\/de\/mywort\/mertzig\/news\/essku-h-ltur-die-zukunft-der-kuh-in-der-landwirtschaft-7-bio-symposium-2024-6717c4a8de135b923605c17f\">MyWort Beitrag<\/a>\n<\/p>\n<h1><strong>Jorestreff vun der Kooperativ Gringgo<\/strong><\/h1>\n<div>\n<h6><span>30.09.2024<\/span><\/h6>\n<\/div>\n<ul>\n<li>\n<p> <img decoding=\"async\" src=\"\/_res\/uploads\/2024\/10\/gringgo-1-scaled.jpg\" alt=\"\"><\/p>\n<h3>gringgo_1<\/h3>\n<\/li>\n<li>\n<p> <img decoding=\"async\" src=\"\/_res\/uploads\/2024\/10\/gringgo-18-scaled.jpg\" alt=\"\"><\/p>\n<h3>gringgo_18<\/h3>\n<\/li>\n<li>\n<p> <img decoding=\"async\" src=\"\/_res\/uploads\/2024\/10\/gringgo-17-scaled.jpg\" alt=\"\"><\/p>\n<h3>gringgo_17<\/h3>\n<\/li>\n<li>\n<p> <img decoding=\"async\" src=\"\/_res\/uploads\/2024\/10\/gringgo-16-scaled.jpg\" alt=\"\"><\/p>\n<h3>gringgo_16<\/h3>\n<\/li>\n<li>\n<p> <img decoding=\"async\" src=\"\/_res\/uploads\/2024\/10\/gringgo-14-scaled.jpg\" alt=\"\"><\/p>\n<h3>gringgo_14<\/h3>\n<\/li>\n<li>\n<p> <img decoding=\"async\" src=\"\/_res\/uploads\/2024\/10\/gringgo-11-scaled.jpg\" alt=\"\"><\/p>\n<h3>gringgo_11<\/h3>\n<\/li>\n<li>\n<p> <img decoding=\"async\" src=\"\/_res\/uploads\/2024\/10\/gringgo-15-scaled.jpg\" alt=\"\"><\/p>\n<h3>gringgo_15<\/h3>\n<\/li>\n<li>\n<p> <img decoding=\"async\" src=\"\/_res\/uploads\/2024\/10\/gringgo-12-scaled.jpg\" alt=\"\"><\/p>\n<h3>gringgo_12<\/h3>\n<\/li>\n<li>\n<p> <img decoding=\"async\" src=\"\/_res\/uploads\/2024\/10\/gringgo-10-scaled.jpg\" alt=\"\"><\/p>\n<h3>gringgo_10<\/h3>\n<\/li>\n<li>\n<p> <img decoding=\"async\" src=\"\/_res\/uploads\/2024\/10\/gringgo-5-scaled.jpg\" alt=\"\"><\/p>\n<h3>gringgo_5<\/h3>\n<\/li>\n<li>\n<p> <img decoding=\"async\" src=\"\/_res\/uploads\/2024\/10\/gringgo-9-scaled.jpg\" alt=\"\"><\/p>\n<h3>gringgo_9<\/h3>\n<\/li>\n<li>\n<p> <img decoding=\"async\" src=\"\/_res\/uploads\/2024\/10\/gringgo-8-scaled.jpg\" alt=\"\"><\/p>\n<h3>gringgo_8<\/h3>\n<\/li>\n<li>\n<p> <img decoding=\"async\" src=\"\/_res\/uploads\/2024\/10\/gringgo-7-scaled.jpg\" alt=\"\"><\/p>\n<h3>gringgo_7<\/h3>\n<\/li>\n<li>\n<p> <img decoding=\"async\" src=\"\/_res\/uploads\/2024\/10\/gringgo-6-scaled.jpg\" alt=\"\"><\/p>\n<h3>gringgo_6<\/h3>\n<\/li>\n<li>\n<p> <img decoding=\"async\" src=\"\/_res\/uploads\/2024\/10\/gringgo-3-scaled.jpg\" alt=\"\"><\/p>\n<h3>gringgo_3<\/h3>\n<\/li>\n<li>\n<p> <img decoding=\"async\" src=\"\/_res\/uploads\/2024\/10\/gringgo-2-scaled.jpg\" alt=\"\"><\/p>\n<h3>gringgo_2<\/h3>\n<\/li>\n<\/ul>\n<h1><strong>\u201eSchn\u00ebssen &amp; Gen\u00e9issen\u201c <\/strong><\/h1>\n<div>\n<h3><strong>Epicerie am Duerf<\/strong><\/h3>\n<h6>27.09.2024<\/h6>\n<\/div>\n<ul>\n<li>\n<p> <img decoding=\"async\" src=\"\/_res\/uploads\/2024\/10\/schnessen-geneissen-7-scaled.jpg\" alt=\"\"><\/p>\n<h3>Schne\u0308ssen &#038; Gene\u0301issen_7<\/h3>\n<\/li>\n<li>\n<p> <img decoding=\"async\" src=\"\/_res\/uploads\/2024\/10\/schnessen-geneissen-1-scaled.jpg\" alt=\"\"><\/p>\n<h3>Schne\u0308ssen &#038; Gene\u0301issen_1<\/h3>\n<\/li>\n<li>\n<p> <img decoding=\"async\" src=\"\/_res\/uploads\/2024\/10\/schnessen-geneissen-2-scaled.jpg\" alt=\"\"><\/p>\n<h3>Schne\u0308ssen &#038; Gene\u0301issen_2<\/h3>\n<\/li>\n<li>\n<p> <img decoding=\"async\" src=\"\/_res\/uploads\/2024\/10\/schnessen-geneissen-9-scaled.jpg\" alt=\"\"><\/p>\n<h3>Schne\u0308ssen &#038; Gene\u0301issen_9<\/h3>\n<\/li>\n<li>\n<p> <img decoding=\"async\" src=\"\/_res\/uploads\/2024\/10\/schnessen-geneissen-6-scaled.jpg\" alt=\"\"><\/p>\n<h3>Schne\u0308ssen &#038; Gene\u0301issen_6<\/h3>\n<\/li>\n<li>\n<p> <img decoding=\"async\" src=\"\/_res\/uploads\/2024\/10\/schnessen-geneissen-3-scaled.jpg\" alt=\"\"><\/p>\n<h3>Schne\u0308ssen &#038; Gene\u0301issen_3<\/h3>\n<\/li>\n<li>\n<p> <img decoding=\"async\" src=\"\/_res\/uploads\/2024\/10\/schnessen-geneissen-8-scaled.jpg\" alt=\"\"><\/p>\n<h3>Schne\u0308ssen &#038; Gene\u0301issen_8<\/h3>\n<\/li>\n<li>\n<p> <img decoding=\"async\" src=\"\/_res\/uploads\/2024\/10\/schnessen-geneissen-5-scaled.jpg\" alt=\"\"><\/p>\n<h3>Schne\u0308ssen &#038; Gene\u0301issen_5<\/h3>\n<\/li>\n<li>\n<p> <img decoding=\"async\" src=\"\/_res\/uploads\/2024\/10\/schnessen-geneissen-4-scaled.jpg\" alt=\"\"><\/p>\n<h3>Schne\u0308ssen &#038; Gene\u0301issen_4<\/h3>\n<\/li>\n<\/ul>\n<h1><strong>Cittaslow &#8211; Gemeng Clierf<\/strong><\/h1>\n<div>\n<h3><strong>BIO-Kachcours mam Sam Vossen am Club Haus op der Heed zu H\u00ebpperdang<\/strong><\/h3>\n<h6><span>23.09.2024<\/span><\/h6>\n<\/div>\n<ul>\n<li>\n<p> <img decoding=\"async\" src=\"\/_res\/uploads\/2024\/10\/bio-kachcours-1-scaled.jpg\" alt=\"\"><\/p>\n<h3>Bio-Kachcours_1<\/h3>\n<\/li>\n<li>\n<p> <img decoding=\"async\" src=\"\/_res\/uploads\/2024\/10\/bio-kachcours-5-scaled.jpg\" alt=\"\"><\/p>\n<h3>Bio-Kachcours_5<\/h3>\n<\/li>\n<li>\n<p> <img decoding=\"async\" src=\"\/_res\/uploads\/2024\/10\/bio-kachcours-4-scaled.jpg\" alt=\"\"><\/p>\n<h3>Bio-Kachcours_4<\/h3>\n<\/li>\n<li>\n<p> <img decoding=\"async\" src=\"\/_res\/uploads\/2024\/10\/bio-kachcours-3-scaled.jpg\" alt=\"\"><\/p>\n<h3>Bio-Kachcours_3<\/h3>\n<\/li>\n<li>\n<p> <img decoding=\"async\" src=\"\/_res\/uploads\/2024\/10\/bio-kachcours-2-scaled.jpg\" alt=\"\"><\/p>\n<h3>Bio-Kachcours_2<\/h3>\n<\/li>\n<\/ul>\n<hr>\n<div>\n<h3><strong>Filmowend mam Dokumentar-Film &#8220;Vu Buedem, Bauzen a Biobaueren&#8221; am Cube 521 zu Maarnech<\/strong><\/h3>\n<h6><span>23.09.2024<\/span><\/h6>\n<\/div>\n<ul>\n<li>\n<p> <img decoding=\"async\" src=\"\/_res\/uploads\/2024\/10\/filmowend-4-scaled.jpg\" alt=\"\"><\/p>\n<h3>Filmowend<\/h3>\n<\/li>\n<li>\n<p> <img decoding=\"async\" src=\"\/_res\/uploads\/2024\/10\/filmowend-1-scaled.jpg\" alt=\"\"><\/p>\n<h3>Filmowend<\/h3>\n<\/li>\n<li>\n<p> <img decoding=\"async\" src=\"\/_res\/uploads\/2024\/10\/filmowend-2-scaled.jpg\" alt=\"\"><\/p>\n<h3>Filmowend<\/h3>\n<\/li>\n<li>\n<p> <img decoding=\"async\" src=\"\/_res\/uploads\/2024\/10\/filmowend-3-scaled.jpg\" alt=\"\"><\/p>\n<h3>Filmowend<\/h3>\n<\/li>\n<\/ul>\n<h1><strong>Bio-Kascht vun heiheem an de Schoulkantinnen<\/strong><\/h1>\n<div>\n<h6>23.09 &#8211; 27.09.2024<\/h6>\n<\/div>\n<div>\n<p>A Zesummenaarbecht mat Restopolis, hunn BIO-Produzenten an de Schoulrestauranten a -Kantinnen vu 5 Lyc\u00e9e\u00ebn, op de BIO opmierksam gemaach.<\/p>\n<ul>\n<li>Lyc\u00e9e classique d&#8217;Echternach<\/li>\n<li>Lyc\u00e9e de Gar\u00e7ons Esch\/Alzette<\/li>\n<li>Lyc\u00e9e Josy Barthel Mamer<\/li>\n<li>\u00c9cole Internationale de Mondorf-les-Bains<\/li>\n<li>Lyc\u00e9e du Nord<\/li>\n<\/ul>\n<\/div>\n<ul>\n<li>\n<p> <img decoding=\"async\" src=\"\/_res\/uploads\/2024\/10\/restopolis-1-1-scaled.jpg\" alt=\"\"><\/p>\n<h3>Restopolis<\/h3>\n<\/li>\n<li>\n<p> <img decoding=\"async\" src=\"\/_res\/uploads\/2024\/10\/restopolis-2-1-scaled.jpg\" alt=\"\"><\/p>\n<h3>Restopolis<\/h3>\n<\/li>\n<li>\n<p> <img decoding=\"async\" src=\"\/_res\/uploads\/2024\/10\/restopolis-4-scaled.jpg\" alt=\"\"><\/p>\n<h3>Restopolis<\/h3>\n<\/li>\n<li>\n<p> <img decoding=\"async\" src=\"\/_res\/uploads\/2024\/10\/restopolis-3-1-scaled.jpg\" alt=\"\"><\/p>\n<h3>Restopolis<\/h3>\n<\/li>\n<\/ul>\n<h1><strong>Biomaart Walfer<\/strong><\/h1>\n<div>\n<h6><span>21.09.2024<\/span><\/h6>\n<\/div>\n<ul>\n<li>\n<p> <img decoding=\"async\" src=\"\/_res\/uploads\/2024\/10\/biomaart-walfer-5-scaled.jpg\" alt=\"\"><\/p>\n<h3>Biomaart Walfer_5<\/h3>\n<\/li>\n<li>\n<p> <img decoding=\"async\" src=\"\/_res\/uploads\/2024\/10\/biomaart-walfer-1-scaled.jpg\" alt=\"\"><\/p>\n<h3>Biomaart Walfer_1<\/h3>\n<\/li>\n<li>\n<p> <img decoding=\"async\" src=\"\/_res\/uploads\/2024\/10\/biomaart-walfer-8-scaled.jpg\" alt=\"\"><\/p>\n<h3>Biomaart Walfer_8<\/h3>\n<\/li>\n<li>\n<p> <img decoding=\"async\" src=\"\/_res\/uploads\/2024\/10\/biomaart-walfer-12-scaled.jpg\" alt=\"\"><\/p>\n<h3>Biomaart Walfer_12<\/h3>\n<\/li>\n<li>\n<p> <img decoding=\"async\" src=\"\/_res\/uploads\/2024\/10\/biomaart-walfer-11-scaled.jpg\" alt=\"\"><\/p>\n<h3>Biomaart Walfer_11<\/h3>\n<\/li>\n<li>\n<p> <img decoding=\"async\" src=\"\/_res\/uploads\/2024\/10\/biomaart-walfer-10-scaled.jpg\" alt=\"\"><\/p>\n<h3>Biomaart Walfer_10<\/h3>\n<\/li>\n<li>\n<p> <img decoding=\"async\" src=\"\/_res\/uploads\/2024\/10\/biomaart-walfer-4-scaled.jpg\" alt=\"\"><\/p>\n<h3>Biomaart Walfer_4<\/h3>\n<\/li>\n<li>\n<p> <img decoding=\"async\" src=\"\/_res\/uploads\/2024\/10\/biomaart-walfer-9-scaled.jpg\" alt=\"\"><\/p>\n<h3>Biomaart Walfer_9<\/h3>\n<\/li>\n<li>\n<p> <img decoding=\"async\" src=\"\/_res\/uploads\/2024\/10\/biomaart-walfer-7-scaled.jpg\" alt=\"\"><\/p>\n<h3>Biomaart Walfer_7<\/h3>\n<\/li>\n<li>\n<p> <img decoding=\"async\" src=\"\/_res\/uploads\/2024\/10\/biomaart-walfer-6-scaled.jpg\" alt=\"\"><\/p>\n<h3>Biomaart Walfer_6<\/h3>\n<\/li>\n<li>\n<p> <img decoding=\"async\" src=\"\/_res\/uploads\/2024\/10\/biomaart-walfer-3-scaled.jpg\" alt=\"\"><\/p>\n<h3>Biomaart Walfer_3<\/h3>\n<\/li>\n<li>\n<p> <img decoding=\"async\" src=\"\/_res\/uploads\/2024\/10\/biomaart-walfer-2-scaled.jpg\" alt=\"\"><\/p>\n<h3>Biomaart Walfer_2<\/h3>\n<\/li>\n<\/ul>\n<h1><strong>Hiw\u00e4issch\u00eblder an 48 Gesch\u00e4fter<\/strong><\/h1>\n<div>\n<p>Net manner w\u00e9i 48 Gesch\u00e4fter hunn unhand vun Hiw\u00e4issch\u00eblder ugewisen aus w\u00e9i engen Himmelsrichtung d\u2019Liewensm\u00ebttel ugeliwwert ginn a vu wou aus dem Land genau d\u2019BIO-Produkter am Rayon hierstamen.<\/p>\n<\/div>\n<ul>\n<li>\n<p> <img decoding=\"async\" src=\"\/_res\/uploads\/2024\/10\/alavita-limpertsberg-bio-woch-flyer-scaled.jpeg\" alt=\"\"><\/p>\n<h6>ALaVita Lampertsbierg &#8211; BIO-Woch Flyer<\/h6>\n<\/li>\n<li>\n<p> <img decoding=\"async\" src=\"\/_res\/uploads\/2024\/10\/alavita-limpertsberg-hiwaisscheld-1-scaled.jpeg\" alt=\"\"><\/p>\n<h6>ALaVita Lampertsbierg &#8211; Hiwa\u0308issche\u0308ld<\/h6>\n<\/li>\n<li>\n<p> <img decoding=\"async\" src=\"\/_res\/uploads\/2024\/10\/alavita-limpertsberg-hiwaisscheld-scaled.jpeg\" alt=\"\"><\/p>\n<h6>ALaVita Lampertsbierg &#8211; Hiwa\u0308issche\u0308ld<\/h6>\n<\/li>\n<li>\n<p> <img decoding=\"async\" src=\"\/_res\/uploads\/2024\/10\/naturata-windhof-waffelcher-scaled.jpg\" alt=\"\"><\/p>\n<h6>Naturata Wandhaff &#8211; Wa\u0308ffelcher<\/h6>\n<\/li>\n<li>\n<p> <img decoding=\"async\" src=\"\/_res\/uploads\/2024\/10\/naturata-windhof-bio-woch-produiten-1-scaled.jpg\" alt=\"\"><\/p>\n<h6>Naturata Wandhaff &#8211; BIO-Woch Produiten<\/h6>\n<\/li>\n<li>\n<p> <img decoding=\"async\" src=\"\/_res\/uploads\/2024\/10\/naturata-windhof-bio-woch-produiten-scaled.jpg\" alt=\"\"><\/p>\n<h6>Naturata Wandhaff &#8211; BIO-Woch Produiten<\/h6>\n<\/li>\n<li>\n<p> <img decoding=\"async\" src=\"\/_res\/uploads\/2024\/10\/naturata-dudelange-scaled.jpeg\" alt=\"\"><\/p>\n<h6>Naturata Diddeleng<\/h6>\n<\/li>\n<li>\n<p> <img decoding=\"async\" src=\"\/_res\/uploads\/2024\/10\/naturata-rollingergrund-scaled.jpeg\" alt=\"\"><\/p>\n<h6>Naturata Rollengergronn<\/h6>\n<\/li>\n<li>\n<p> <img decoding=\"async\" src=\"\/_res\/uploads\/2024\/10\/bio-woch-hiwaisscheld.jpg\" alt=\"\"><\/p>\n<h6>BIO-Woch &#8211; Hiwa\u0308issche\u0308ld<\/h6>\n<\/li>\n<li>\n<p> <img decoding=\"async\" src=\"\/_res\/uploads\/2024\/10\/bio-woch-hiwaisscheld-1.jpg\" alt=\"\"><\/p>\n<h6>BIO-Woch &#8211; Hiwa\u0308issche\u0308ld<\/h6>\n<\/li>\n<li>\n<p> <img decoding=\"async\" src=\"\/_res\/uploads\/2024\/10\/eleclerc-bertrange-bio-woch-hiwaisscheld-1-scaled.jpeg\" alt=\"\"><\/p>\n<h6>E.Leclerc Bartreng &#8211; BIO-Woch Hiwa\u0308issche\u0308ld<\/h6>\n<\/li>\n<li>\n<p> <img decoding=\"async\" src=\"\/_res\/uploads\/2024\/10\/eleclerc-bertrange-bio-woch-produiten-scaled.jpeg\" alt=\"\"><\/p>\n<h6>E.Leclerc Bartreng &#8211; BIO-Woch Produiten<\/h6>\n<\/li>\n<li>\n<p> <img decoding=\"async\" src=\"\/_res\/uploads\/2024\/10\/eleclerc-bertrange-bio-woch-produiten-1-scaled.jpeg\" alt=\"\"><\/p>\n<h6>E.Leclerc Bartreng &#8211; BIO-Woch Produiten<\/h6>\n<\/li>\n<li>\n<p> <img decoding=\"async\" src=\"\/_res\/uploads\/2024\/10\/eleclerc-bertrange-bio-woch-hiwaisscheld-scaled.jpeg\" alt=\"\"><\/p>\n<h6>E.Leclerc Bartreng &#8211; BIO-Woch Hiwa\u0308issche\u0308ld<\/h6>\n<\/li>\n<\/ul>\n<h1><strong>Hiw\u00e4issch\u00eblder an 12 Gemengen<\/strong><\/h1>\n<div>\n<p>12 Gemengen hunn un der BIO-Woch deel geholl. Sie hunn hir Zoust\u00ebmmung gi fir Hiw\u00e4issch\u00eblder am \u00ebffentleche Raum opstellen, d\u00e9i ugewisen hu wou sech d\u2019BIO-Produzenten an der direkter \u00cbmg\u00e9igend befonnt hunn.<\/p>\n<ul>\n<li>Gemeng Beetebuerg<\/li>\n<li>Gemeng B\u00e4ertref<\/li>\n<li>Gemeng Clierf<\/li>\n<li>Gemeng Esch-Uelzecht<\/li>\n<li>Gemeng Ettelbr\u00e9ck<\/li>\n<li>Gemeng Jongl\u00ebnster<\/li>\n<li>Gemeng M\u00e4ertert<\/li>\n<li>Gemeng Miersch<\/li>\n<li>Gemeng Munneref<\/li>\n<li>Gemeng R\u00e9iden\/Atert<\/li>\n<li>Gemeng L\u00ebtzebuerg<\/li>\n<li>Gemeng Wolz<\/li>\n<\/ul>\n<\/div>\n<ul>\n<li>\n<p> <img decoding=\"async\" src=\"\/_res\/uploads\/2024\/10\/gemeng-mertert-scaled.jpg\" alt=\"\"><\/p>\n<h6>Gemeng M\u00e4ertert<\/h6>\n<\/li>\n<li>\n<p> <img decoding=\"async\" src=\"\/_res\/uploads\/2024\/10\/gemeng-letzebuerg-scaled.jpg\" alt=\"\"><\/p>\n<h6>Gemeng Le\u0308tzebuerg<\/h6>\n<\/li>\n<li>\n<p> <img decoding=\"async\" src=\"\/_res\/uploads\/2024\/10\/gemeng-jonglenster-scaled.jpg\" alt=\"\"><\/p>\n<h6>Gemeng Jongle\u0308nster<\/h6>\n<\/li>\n<li>\n<p> <img decoding=\"async\" src=\"\/_res\/uploads\/2024\/10\/gemeng-ettelbreck-scaled.jpg\" alt=\"\"><\/p>\n<h6>Gemeng Ettelbre\u0301ck<\/h6>\n<\/li>\n<li>\n<p> <img decoding=\"async\" src=\"\/_res\/uploads\/2024\/10\/gemeng-beetebuerg-scaled.jpeg\" alt=\"\"><\/p>\n<h6>Gemeng Beetebuerg<\/h6>\n<\/li>\n<li>\n<p> <img decoding=\"async\" src=\"\/_res\/uploads\/2024\/10\/gemeng-reidenatert.jpg\" alt=\"\"><\/p>\n<h6>Gemeng Re\u0301iden\/Atert<\/h6>\n<\/li>\n<li>\n<p> <img decoding=\"async\" src=\"\/_res\/uploads\/2024\/10\/gemeng-clierf.jpg\" alt=\"\"><\/p>\n<h6>Gemeng Clierf<\/h6>\n<\/li>\n<\/ul>\n<h1><strong>Andr\u00e9ck vun de Porte Ouverten<\/strong><\/h1>\n<div>\n<h3><strong>BIOG-Molkerei<\/strong><\/h3>\n<h6>22.09.2024<\/h6>\n<\/div>\n<ul>\n<li>\n<p> <img decoding=\"async\" src=\"\/_res\/uploads\/2024\/10\/img-7154-scaled.jpg\" alt=\"\"><\/p>\n<h3>IMG_7154<\/h3>\n<\/li>\n<li>\n<p> <img decoding=\"async\" src=\"\/_res\/uploads\/2024\/10\/img-7133-scaled.jpg\" alt=\"\"><\/p>\n<h3>IMG_7133<\/h3>\n<\/li>\n<li>\n<p> <img decoding=\"async\" src=\"\/_res\/uploads\/2024\/10\/img-7149-scaled.jpg\" alt=\"\"><\/p>\n<h3>IMG_7149<\/h3>\n<\/li>\n<li>\n<p> <img decoding=\"async\" src=\"\/_res\/uploads\/2024\/10\/img-7128-scaled.jpg\" alt=\"\"><\/p>\n<h3>BIOG-Molkerei<\/h3>\n<\/li>\n<li>\n<p> <img decoding=\"async\" src=\"\/_res\/uploads\/2024\/10\/img-7166-scaled.jpg\" alt=\"\"><\/p>\n<h3>IMG_7166<\/h3>\n<\/li>\n<\/ul>\n<hr>\n<div>\n<h3><strong>Maison Viticole Schmit-Fohl<\/strong><\/h3>\n<h6>26.09. \u2013 28.09.2024<\/h6>\n<\/div>\n<ul>\n<li>\n<p> <img decoding=\"async\" src=\"\/_res\/uploads\/2024\/10\/img-7218-scaled.jpg\" alt=\"\"><\/p>\n<h3>IMG_7218<\/h3>\n<\/li>\n<li>\n<p> <img decoding=\"async\" src=\"\/_res\/uploads\/2024\/10\/img-7222-scaled.jpg\" alt=\"\"><\/p>\n<h3>IMG_7222<\/h3>\n<\/li>\n<li>\n<p> <img decoding=\"async\" src=\"\/_res\/uploads\/2024\/10\/img-7243-scaled.jpg\" alt=\"\"><\/p>\n<h3>IMG_7243<\/h3>\n<\/li>\n<li>\n<p> <img decoding=\"async\" src=\"\/_res\/uploads\/2024\/10\/img-7205-scaled.jpg\" alt=\"\"><\/p>\n<h3>IMG_7205<\/h3>\n<\/li>\n<li>\n<p> <img decoding=\"async\" src=\"\/_res\/uploads\/2024\/10\/img-7232-scaled.jpg\" alt=\"\"><\/p>\n<h3>IMG_7232<\/h3>\n<\/li>\n<\/ul>\n<hr>\n<div>\n<h3><strong>Biohaff Jemming \u201eEggs&amp;Hopp\u201c<\/strong><\/h3>\n<h6>29.09.2024<\/h6>\n<\/div>\n<ul>\n<li>\n<p> <img decoding=\"async\" src=\"\/_res\/uploads\/2024\/10\/img-7294-scaled.jpg\" alt=\"\"><\/p>\n<h3>IMG_7294<\/h3>\n<\/li>\n<li>\n<p> <img decoding=\"async\" src=\"\/_res\/uploads\/2024\/10\/img-7288-scaled.jpg\" alt=\"\"><\/p>\n<h3>IMG_7288<\/h3>\n<\/li>\n<li>\n<p> <img decoding=\"async\" src=\"\/_res\/uploads\/2024\/10\/img-7316-scaled.jpg\" alt=\"\"><\/p>\n<h3>IMG_7316<\/h3>\n<\/li>\n<li>\n<p> <img decoding=\"async\" src=\"\/_res\/uploads\/2024\/10\/img-7270-scaled.jpg\" alt=\"\"><\/p>\n<h3>IMG_7270<\/h3>\n<\/li>\n<li>\n<p> <img decoding=\"async\" src=\"\/_res\/uploads\/2024\/10\/img-7312-scaled.jpg\" alt=\"\"><\/p>\n<h3>IMG_7312<\/h3>\n<\/li>\n<li>\n<p> <img decoding=\"async\" src=\"\/_res\/uploads\/2024\/10\/img-7296-scaled.jpg\" alt=\"\"><\/p>\n<h3>IMG_7296<\/h3>\n<\/li>\n<li>\n<p> <img decoding=\"async\" src=\"\/_res\/uploads\/2024\/10\/img-7295-scaled.jpg\" alt=\"\"><\/p>\n<h3>IMG_7295<\/h3>\n<\/li>\n<li>\n<p> <img decoding=\"async\" src=\"\/_res\/uploads\/2024\/10\/img-7293-scaled.jpg\" alt=\"\"><\/p>\n<h3>IMG_7293<\/h3>\n<\/li>\n<li>\n<p> <img decoding=\"async\" src=\"\/_res\/uploads\/2024\/10\/img-7291-scaled.jpg\" alt=\"\"><\/p>\n<h3>IMG_7291<\/h3>\n<\/li>\n<li>\n<p> <img decoding=\"async\" src=\"\/_res\/uploads\/2024\/10\/img-7286-scaled.jpg\" alt=\"\"><\/p>\n<h3>IMG_7286<\/h3>\n<\/li>\n<li>\n<p> <img decoding=\"async\" src=\"\/_res\/uploads\/2024\/10\/img-7285-scaled.jpg\" alt=\"\"><\/p>\n<h3>IMG_7285<\/h3>\n<\/li>\n<li>\n<p> <img decoding=\"async\" src=\"\/_res\/uploads\/2024\/10\/img-7281-scaled.jpg\" alt=\"\"><\/p>\n<h3>IMG_7281<\/h3>\n<\/li>\n<li>\n<p> <img decoding=\"async\" src=\"\/_res\/uploads\/2024\/10\/img-7280-scaled.jpg\" alt=\"\"><\/p>\n<h3>IMG_7280<\/h3>\n<\/li>\n<li>\n<p> <img decoding=\"async\" src=\"\/_res\/uploads\/2024\/10\/img-7273-scaled.jpg\" alt=\"\"><\/p>\n<h3>IMG_7273<\/h3>\n<\/li>\n<li>\n<p> <img decoding=\"async\" src=\"\/_res\/uploads\/2024\/10\/img-7272-scaled.jpg\" alt=\"\"><\/p>\n<h3>IMG_7272<\/h3>\n<\/li>\n<\/ul>\n<h1><strong>Andr\u00e9ck vum Besuch vum Educatiounsminister Claude Meisch um Biohaff \u201eUm Knapphaff\u201c.<\/strong><\/h1>\n<ul>\n<li>\n<p> <img decoding=\"async\" src=\"\/_res\/uploads\/2024\/09\/nz80896-scaled.jpg\" alt=\"\"><\/p>\n<h3>_NZ80896<\/h3>\n<\/li>\n<li>\n<p> <img decoding=\"async\" src=\"\/_res\/uploads\/2024\/09\/nz80905-scaled.jpg\" alt=\"\"><\/p>\n<h3>_NZ80905<\/h3>\n<\/li>\n<li>\n<p> <img decoding=\"async\" src=\"\/_res\/uploads\/2024\/09\/nz80921-scaled.jpg\" alt=\"\"><\/p>\n<h3>_NZ80921<\/h3>\n<\/li>\n<li>\n<p> <img decoding=\"async\" src=\"\/_res\/uploads\/2024\/09\/nz80929-scaled.jpg\" alt=\"\"><\/p>\n<h3>_NZ80929<\/h3>\n<\/li>\n<li>\n<p> <img decoding=\"async\" src=\"\/_res\/uploads\/2024\/09\/nz80979-scaled.jpg\" alt=\"\"><\/p>\n<h3>_NZ80979<\/h3>\n<\/li>\n<li>\n<p> <img decoding=\"async\" src=\"\/_res\/uploads\/2024\/09\/nz80983-scaled.jpg\" alt=\"\"><\/p>\n<h3>_NZ80983<\/h3>\n<\/li>\n<li>\n<p> <img decoding=\"async\" src=\"\/_res\/uploads\/2024\/09\/nz80998-scaled.jpg\" alt=\"\"><\/p>\n<\/li>\n<li>\n<p> <img decoding=\"async\" src=\"\/_res\/uploads\/2024\/09\/nz81018-scaled.jpg\" alt=\"\"><\/p>\n<h3>_NZ81018<\/h3>\n<\/li>\n<li>\n<p> <img decoding=\"async\" src=\"\/_res\/uploads\/2024\/09\/nz81042-scaled.jpg\" alt=\"\"><\/p>\n<h3>_NZ81042<\/h3>\n<\/li>\n<li>\n<p> <img decoding=\"async\" src=\"\/_res\/uploads\/2024\/09\/nz81046-scaled.jpg\" alt=\"\"><\/p>\n<h3>_NZ81046<\/h3>\n<\/li>\n<li>\n<p> <img decoding=\"async\" src=\"\/_res\/uploads\/2024\/09\/nz81052-scaled.jpg\" alt=\"\"><\/p>\n<h3>_NZ81052<\/h3>\n<\/li>\n<li>\n<p> <img decoding=\"async\" src=\"\/_res\/uploads\/2024\/09\/nz81071-scaled.jpg\" alt=\"\"><\/p>\n<h3>_NZ81071<\/h3>\n<\/li>\n<\/ul>\n<h1><strong>7. Bio-Symposium, de 24. September am Centre Culturel Turelbaach zu M\u00e4erzeg<\/strong><\/h1>\n<ul>\n<li>\n<p> <img decoding=\"async\" src=\"\/_res\/uploads\/2024\/09\/dsc-8276.jpg\" alt=\"\"><\/p>\n<h3>7. Bio-Symposium 24.9.24<\/h3>\n<\/li>\n<li>\n<p> <img decoding=\"async\" src=\"\/_res\/uploads\/2024\/09\/dsc-8278.jpg\" alt=\"\"><\/p>\n<h3>7. Bio-Symposium 24.9.24<\/h3>\n<\/li>\n<li>\n<p> <img decoding=\"async\" src=\"\/_res\/uploads\/2024\/09\/dsc-8291.jpg\" alt=\"\"><\/p>\n<h3>7. Bio-Symposium 24.9.24<\/h3>\n<\/li>\n<li>\n<p> <img decoding=\"async\" src=\"\/_res\/uploads\/2024\/09\/dsc-8293.jpg\" alt=\"\"><\/p>\n<h3>7. Bio-Symposium 24.9.24<\/h3>\n<\/li>\n<li>\n<p> <img decoding=\"async\" src=\"\/_res\/uploads\/2024\/09\/dsc-8294.jpg\" alt=\"\"><\/p>\n<\/li>\n<li>\n<p> <img decoding=\"async\" src=\"\/_res\/uploads\/2024\/09\/dsc-8307.jpg\" alt=\"\"><\/p>\n<h3>7. Bio-Symposium 24.9.24<\/h3>\n<\/li>\n<li>\n<p> <img decoding=\"async\" src=\"\/_res\/uploads\/2024\/09\/dsc-8310.jpg\" alt=\"\"><\/p>\n<h3>7. Bio-Symposium 24.9.24<\/h3>\n<\/li>\n<li>\n<p> <img decoding=\"async\" src=\"\/_res\/uploads\/2024\/09\/dsc-8328.jpg\" alt=\"\"><\/p>\n<h3>7. Bio-Symposium 24.9.24<\/h3>\n<\/li>\n<li>\n<p> <img decoding=\"async\" src=\"\/_res\/uploads\/2024\/09\/dsc-8335.jpg\" alt=\"\"><\/p>\n<h3>7. Bio-Symposium 24.9.24<\/h3>\n<\/li>\n<li>\n<p> <img decoding=\"async\" src=\"\/_res\/uploads\/2024\/09\/dsc-9010.jpg\" alt=\"\"><\/p>\n<h3>7. Bio-Symposium 24.9.24<\/h3>\n<\/li>\n<li>\n<p> <img decoding=\"async\" src=\"\/_res\/uploads\/2024\/09\/dsc-9071.jpg\" alt=\"\"><\/p>\n<h3>7. Bio-Symposium 24.9.24<\/h3>\n<\/li>\n<\/ul>\n<h1><strong>D&#8217;Gew\u00ebnner vum 2024 EU Organic Awards<\/strong><\/h1>\n<p>\n <a href=\"https:\/\/www.organicseurope.bio\/news\/eu-organic-awards-recognise-excellence-as-court-report-stresses-need-for-long-term-vision-for-organic-stronger-cap\/\">EU Organic Awards 2024<\/a>\n<\/p>\n<h1><strong>Agrikultur<\/strong><\/h1>\n<div>\n<p>Sonderausgabe: \u201eDem Bio-Bauer s\u00e4i ganze Stolz\u201c<\/p>\n<\/div>\n<p>\n <a href=\"\/_res\/uploads\/2024\/09\/agrikultur-89-internet.pdf\">hei eroflueden<\/a>\n<\/p>\n<h1><strong>Artikelen zu der Biowoch 2024<\/strong><\/h1>\n<div>\n<ul>\n<li><a href=\"https:\/\/www.rtl.lu\/news\/national\/a\/2230765.html\" target=\"_blank\" rel=\"noopener\">RTL<\/a><\/li>\n<li><a href=\"https:\/\/www.tageblatt.lu\/headlines\/biobauern-praesentieren-ihre-produkte-am-20-september-startet-die-bio-woche\/\" target=\"_blank\" rel=\"noopener\">Tageblatt<\/a><\/li>\n<li><a href=\"https:\/\/agriculture.public.lu\/de\/aktuelles\/2024\/september\/biowoch-2024.html\" target=\"_blank\" rel=\"noopener\">Landwirtschaft.lu<\/a><\/li>\n<li><a href=\"https:\/\/www.100komma7.lu\/news\/Den-Hallwer-Neng-Tom-Kass-a-Guy-Feyder?pd=radio\">100komma7<\/a><\/li>\n<\/ul>\n<\/div>\n<h1><strong>Pressekonferenz 2024<\/strong><\/h1>\n<ul>\n<li>\n<p> <img decoding=\"async\" src=\"\/_res\/uploads\/2024\/09\/pressekonferenz-v1.jpg\" alt=\"\"><\/p>\n<h3>pressekonferenz_biowoch_1<\/h3>\n<\/li>\n<li>\n<p> <img decoding=\"async\" src=\"\/_res\/uploads\/2024\/09\/pressekonferenz-v2.jpg\" alt=\"\"><\/p>\n<h3>pressekonferenz_biowoch_2<\/h3>\n<\/li>\n<li>\n<p> <img decoding=\"async\" src=\"\/_res\/uploads\/2024\/09\/pressekonferenz-v3.jpg\" alt=\"\"><\/p>\n<h3>pressekonferenz_biowoch_3<\/h3>\n<\/li>\n<li>\n<p> <img decoding=\"async\" src=\"\/_res\/uploads\/2024\/09\/pressekonferenz-v4.jpg\" alt=\"\"><\/p>\n<h3>pressekonferenz_biowoch_4<\/h3>\n<\/li>\n<li>\n<p> <img decoding=\"async\" src=\"\/_res\/uploads\/2024\/09\/pressekonferenz-v5.jpg\" alt=\"\"><\/p>\n<h3>pressekonferenz_biowoch_5<\/h3>\n<\/li>\n<li>\n<p> <img decoding=\"async\" src=\"\/_res\/uploads\/2024\/09\/pressekonferenz-v6.jpg\" alt=\"\"><\/p>\n<h3>pressekonferenz_biowoch_6<\/h3>\n<\/li>\n<li>\n<p> <img decoding=\"async\" src=\"\/_res\/uploads\/2024\/09\/pressekonferenz-v7.jpg\" alt=\"\"><\/p>\n<h3>pressekonferenz_biowoch_7<\/h3>\n<\/li>\n<li>\n<p> <img decoding=\"async\" src=\"\/_res\/uploads\/2024\/09\/pressekonferenz-biowoch-8.jpg\" alt=\"\"><\/p>\n<h3>pressekonferenz_biowoch_8<\/h3>\n<\/li>\n<li>\n<p> <img decoding=\"async\" src=\"\/_res\/uploads\/2024\/09\/pressekonferenz-biowoch-9.jpg\" alt=\"\"><\/p>\n<h3>pressekonferenz_biowoch_9<\/h3>\n<\/li>\n<\/ul>\n<p><br \/>\n<\/p>\n","protected":false},"excerpt":{"rendered":"<p>Medias 2024 2023 7. Bio-symposium 2024 Oktober \/ November 2024 21.10.2024_Alcovit_Biosymposium S.1 21.10.2024_Alcovit_Biosymposium S.2 MyWort Beitrag Jorestreff vun der Kooperativ Gringgo 30.09.2024 gringgo_1 gringgo_18 gringgo_17 gringgo_16 gringgo_14 gringgo_11 gringgo_15 gringgo_12 gringgo_10 gringgo_5 gringgo_9 gringgo_8 gringgo_7 gringgo_6 gringgo_3 gringgo_2 \u201eSchn\u00ebssen &amp; Gen\u00e9issen\u201c Epicerie am Duerf 27.09.2024 Schne\u0308ssen &#038; Gene\u0301issen_7 Schne\u0308ssen &#038; Gene\u0301issen_1 Schne\u0308ssen &#038; Gene\u0301issen_2 Schne\u0308ssen [&hellip;]<\/p>\n","protected":false},"author":1,"featured_media":0,"parent":0,"menu_order":0,"comment_status":"closed","ping_status":"closed","template":"","meta":{"footnotes":""},"class_list":["post-22","page","type-page","status-publish","hentry"],"acf":[],"_links":{"self":[{"href":"https:\/\/biowoch.mwd-dev.lu\/en\/wp-json\/wp\/v2\/pages\/22","targetHints":{"allow":["GET"]}}],"collection":[{"href":"https:\/\/biowoch.mwd-dev.lu\/en\/wp-json\/wp\/v2\/pages"}],"about":[{"href":"https:\/\/biowoch.mwd-dev.lu\/en\/wp-json\/wp\/v2\/types\/page"}],"author":[{"embeddable":true,"href":"https:\/\/biowoch.mwd-dev.lu\/en\/wp-json\/wp\/v2\/users\/1"}],"replies":[{"embeddable":true,"href":"https:\/\/biowoch.mwd-dev.lu\/en\/wp-json\/wp\/v2\/comments?post=22"}],"version-history":[{"count":0,"href":"https:\/\/biowoch.mwd-dev.lu\/en\/wp-json\/wp\/v2\/pages\/22\/revisions"}],"wp:attachment":[{"href":"https:\/\/biowoch.mwd-dev.lu\/en\/wp-json\/wp\/v2\/media?parent=22"}],"curies":[{"name":"wp","href":"https:\/\/api.w.org\/{rel}","templated":true}]}}